{"id":41,"date":"2021-06-17T04:28:24","date_gmt":"2021-06-17T02:28:24","guid":{"rendered":"http:\/\/fqkwbus.cluster028.hosting.ovh.net\/?page_id=41"},"modified":"2025-11-16T21:03:01","modified_gmt":"2025-11-16T20:03:01","slug":"blog","status":"publish","type":"page","link":"https:\/\/ainsivalavie.fr\/index.php\/blog\/","title":{"rendered":"Blog"},"content":{"rendered":"\t\t<div data-elementor-type=\"wp-page\" data-elementor-id=\"41\" class=\"elementor elementor-41\" data-elementor-settings=\"[]\">\n\t\t\t\t\t\t\t<div class=\"elementor-section-wrap\">\n\t\t\t\t\t\t\t<section class=\"elementor-section elementor-top-section elementor-element elementor-element-28885c0 elementor-section-boxed elementor-section-height-default elementor-section-height-default\" data-id=\"28885c0\" data-element_type=\"section\">\n\t\t\t\t\t\t<div class=\"elementor-container elementor-column-gap-default\">\n\t\t\t\t\t<div class=\"elementor-column elementor-col-100 elementor-top-column elementor-element elementor-element-cec98b8\" data-id=\"cec98b8\" data-element_type=\"column\">\n\t\t\t<div class=\"elementor-widget-wrap elementor-element-populated\">\n\t\t\t\t\t\t\t\t<div class=\"elementor-element elementor-element-a124fc8 elementor-posts__hover-none elementor-grid-3 elementor-grid-tablet-2 elementor-grid-mobile-1 elementor-posts--thumbnail-top elementor-posts--show-avatar elementor-card-shadow-yes elementor-widget elementor-widget-posts\" data-id=\"a124fc8\" data-element_type=\"widget\" data-settings=\"{&quot;cards_columns&quot;:&quot;3&quot;,&quot;cards_columns_tablet&quot;:&quot;2&quot;,&quot;cards_columns_mobile&quot;:&quot;1&quot;,&quot;cards_row_gap&quot;:{&quot;unit&quot;:&quot;px&quot;,&quot;size&quot;:35,&quot;sizes&quot;:[]}}\" data-widget_type=\"posts.cards\">\n\t\t\t\t<div class=\"elementor-widget-container\">\n\t\t\t\t\t<div class=\"elementor-posts-container elementor-posts elementor-posts--skin-cards elementor-grid\">\n\t\t\t\t<article class=\"elementor-post elementor-grid-item post-4649 post type-post status-publish format-standard has-post-thumbnail hentry category-non-classe\">\n\t\t\t<div class=\"elementor-post__card\">\n\t\t\t\t<a class=\"elementor-post__thumbnail__link\" href=\"https:\/\/ainsivalavie.fr\/index.php\/2026\/03\/17\/the-dolphins-brought-me-back-to-life\/\" target=\"_blank\">\n\t\t\t<div class=\"elementor-post__thumbnail\"><img width=\"300\" height=\"200\" src=\"https:\/\/ainsivalavie.fr\/wp-content\/uploads\/2026\/03\/SacredJourney-15.08-695-2-300x200.jpg\" class=\"attachment-medium size-medium\" alt=\"\" loading=\"lazy\" srcset=\"https:\/\/ainsivalavie.fr\/wp-content\/uploads\/2026\/03\/SacredJourney-15.08-695-2-300x200.jpg 300w, https:\/\/ainsivalavie.fr\/wp-content\/uploads\/2026\/03\/SacredJourney-15.08-695-2-1024x683.jpg 1024w, https:\/\/ainsivalavie.fr\/wp-content\/uploads\/2026\/03\/SacredJourney-15.08-695-2-768x512.jpg 768w, https:\/\/ainsivalavie.fr\/wp-content\/uploads\/2026\/03\/SacredJourney-15.08-695-2-1536x1024.jpg 1536w, https:\/\/ainsivalavie.fr\/wp-content\/uploads\/2026\/03\/SacredJourney-15.08-695-2-2048x1366.jpg 2048w\" sizes=\"(max-width: 300px) 100vw, 300px\" \/><\/div>\n\t\t<\/a>\n\t\t\t\t<div class=\"elementor-post__badge\">Non class\u00e9<\/div>\n\t\t\t\t<div class=\"elementor-post__avatar\">\n\t\t\t<img alt='admin6856' src='https:\/\/secure.gravatar.com\/avatar\/284ebd6cde05636e9c0f32b9ab5286b8?s=128&#038;d=mm&#038;r=g' srcset='https:\/\/secure.gravatar.com\/avatar\/284ebd6cde05636e9c0f32b9ab5286b8?s=256&#038;d=mm&#038;r=g 2x' class='avatar avatar-128 photo' height='128' width='128' loading='lazy'\/>\t\t<\/div>\n\t\t\t\t<div class=\"elementor-post__text\">\n\t\t\t\t<h3 class=\"elementor-post__title\">\n\t\t\t<a href=\"https:\/\/ainsivalavie.fr\/index.php\/2026\/03\/17\/the-dolphins-brought-me-back-to-life\/\" target=\"_blank\">\n\t\t\t\tThe dolphins brought me back to life\t\t\t<\/a>\n\t\t<\/h3>\n\t\t\t\t<div class=\"elementor-post__excerpt\">\n\t\t\t<p>For a long time, I stopped at that simple sentence.Out of modesty. Out of fear, too. Fear that this intimate,<\/p>\n\t\t<\/div>\n\t\t\t\t\t<a class=\"elementor-post__read-more\" href=\"https:\/\/ainsivalavie.fr\/index.php\/2026\/03\/17\/the-dolphins-brought-me-back-to-life\/\" target=\"_blank\">\n\t\t\t\tLire l'article \u00bb\t\t\t<\/a>\n\t\t\t\t<\/div>\n\t\t\t\t<div class=\"elementor-post__meta-data\">\n\t\t\t\t\t<span class=\"elementor-post-date\">\n\t\t\t17 mars 2026\t\t<\/span>\n\t\t\t\t<\/div>\n\t\t\t\t\t<\/div>\n\t\t<\/article>\n\t\t\t\t<article class=\"elementor-post elementor-grid-item post-4464 post type-post status-publish format-standard has-post-thumbnail hentry category-non-classe\">\n\t\t\t<div class=\"elementor-post__card\">\n\t\t\t\t<a class=\"elementor-post__thumbnail__link\" href=\"https:\/\/ainsivalavie.fr\/index.php\/2025\/12\/16\/les-dauphins-mont-ramenee-a-la-vie\/\" target=\"_blank\">\n\t\t\t<div class=\"elementor-post__thumbnail\"><img width=\"300\" height=\"200\" src=\"https:\/\/ainsivalavie.fr\/wp-content\/uploads\/2026\/03\/SacredJourney-15.08-695-2-300x200.jpg\" class=\"attachment-medium size-medium\" alt=\"\" loading=\"lazy\" srcset=\"https:\/\/ainsivalavie.fr\/wp-content\/uploads\/2026\/03\/SacredJourney-15.08-695-2-300x200.jpg 300w, https:\/\/ainsivalavie.fr\/wp-content\/uploads\/2026\/03\/SacredJourney-15.08-695-2-1024x683.jpg 1024w, https:\/\/ainsivalavie.fr\/wp-content\/uploads\/2026\/03\/SacredJourney-15.08-695-2-768x512.jpg 768w, https:\/\/ainsivalavie.fr\/wp-content\/uploads\/2026\/03\/SacredJourney-15.08-695-2-1536x1024.jpg 1536w, https:\/\/ainsivalavie.fr\/wp-content\/uploads\/2026\/03\/SacredJourney-15.08-695-2-2048x1366.jpg 2048w\" sizes=\"(max-width: 300px) 100vw, 300px\" \/><\/div>\n\t\t<\/a>\n\t\t\t\t<div class=\"elementor-post__badge\">Non class\u00e9<\/div>\n\t\t\t\t<div class=\"elementor-post__avatar\">\n\t\t\t<img alt='admin6856' src='https:\/\/secure.gravatar.com\/avatar\/284ebd6cde05636e9c0f32b9ab5286b8?s=128&#038;d=mm&#038;r=g' srcset='https:\/\/secure.gravatar.com\/avatar\/284ebd6cde05636e9c0f32b9ab5286b8?s=256&#038;d=mm&#038;r=g 2x' class='avatar avatar-128 photo' height='128' width='128' loading='lazy'\/>\t\t<\/div>\n\t\t\t\t<div class=\"elementor-post__text\">\n\t\t\t\t<h3 class=\"elementor-post__title\">\n\t\t\t<a href=\"https:\/\/ainsivalavie.fr\/index.php\/2025\/12\/16\/les-dauphins-mont-ramenee-a-la-vie\/\" target=\"_blank\">\n\t\t\t\tLes dauphins m\u2019ont ramen\u00e9e \u00e0 la vie\t\t\t<\/a>\n\t\t<\/h3>\n\t\t\t\t<div class=\"elementor-post__excerpt\">\n\t\t\t<p>Pendant longtemps, je me suis arr\u00eat\u00e9e \u00e0 cette simple phrase.Par pudeur. Par souci de ne pas contribuer \u00e0 la ru\u00e9e<\/p>\n\t\t<\/div>\n\t\t\t\t\t<a class=\"elementor-post__read-more\" href=\"https:\/\/ainsivalavie.fr\/index.php\/2025\/12\/16\/les-dauphins-mont-ramenee-a-la-vie\/\" target=\"_blank\">\n\t\t\t\tLire l'article \u00bb\t\t\t<\/a>\n\t\t\t\t<\/div>\n\t\t\t\t<div class=\"elementor-post__meta-data\">\n\t\t\t\t\t<span class=\"elementor-post-date\">\n\t\t\t16 d\u00e9cembre 2025\t\t<\/span>\n\t\t\t\t<\/div>\n\t\t\t\t\t<\/div>\n\t\t<\/article>\n\t\t\t\t<article class=\"elementor-post elementor-grid-item post-4230 post type-post status-publish format-standard has-post-thumbnail hentry category-non-classe\">\n\t\t\t<div class=\"elementor-post__card\">\n\t\t\t\t<a class=\"elementor-post__thumbnail__link\" href=\"https:\/\/ainsivalavie.fr\/index.php\/2025\/11\/16\/webinaire-la-fratrie-touchee-par-le-deuil-perinatal\/\" target=\"_blank\">\n\t\t\t<div class=\"elementor-post__thumbnail\"><img width=\"300\" height=\"300\" src=\"https:\/\/ainsivalavie.fr\/wp-content\/uploads\/2025\/11\/2-1024x1024-1-300x300.png\" class=\"attachment-medium size-medium\" alt=\"\" loading=\"lazy\" srcset=\"https:\/\/ainsivalavie.fr\/wp-content\/uploads\/2025\/11\/2-1024x1024-1-300x300.png 300w, https:\/\/ainsivalavie.fr\/wp-content\/uploads\/2025\/11\/2-1024x1024-1.png 1024w, https:\/\/ainsivalavie.fr\/wp-content\/uploads\/2025\/11\/2-1024x1024-1-150x150.png 150w, https:\/\/ainsivalavie.fr\/wp-content\/uploads\/2025\/11\/2-1024x1024-1-768x768.png 768w\" sizes=\"(max-width: 300px) 100vw, 300px\" \/><\/div>\n\t\t<\/a>\n\t\t\t\t<div class=\"elementor-post__badge\">Non class\u00e9<\/div>\n\t\t\t\t<div class=\"elementor-post__avatar\">\n\t\t\t<img alt='admin6856' src='https:\/\/secure.gravatar.com\/avatar\/284ebd6cde05636e9c0f32b9ab5286b8?s=128&#038;d=mm&#038;r=g' srcset='https:\/\/secure.gravatar.com\/avatar\/284ebd6cde05636e9c0f32b9ab5286b8?s=256&#038;d=mm&#038;r=g 2x' class='avatar avatar-128 photo' height='128' width='128' loading='lazy'\/>\t\t<\/div>\n\t\t\t\t<div class=\"elementor-post__text\">\n\t\t\t\t<h3 class=\"elementor-post__title\">\n\t\t\t<a href=\"https:\/\/ainsivalavie.fr\/index.php\/2025\/11\/16\/webinaire-la-fratrie-touchee-par-le-deuil-perinatal\/\" target=\"_blank\">\n\t\t\t\tWebinaire &#8220;la fratrie touch\u00e9e par le deuil p\u00e9rinatal&#8221;\t\t\t<\/a>\n\t\t<\/h3>\n\t\t\t\t<div class=\"elementor-post__excerpt\">\n\t\t\t<p>L&#8217;Association AGAPA m&#8217;a propos\u00e9 d&#8217;animer un webinaire \u00e0 l&#8217;occasion du 15 octobre, journ\u00e9e internationale de sensibilisation au deuil p\u00e9rinatal. La<\/p>\n\t\t<\/div>\n\t\t\t\t\t<a class=\"elementor-post__read-more\" href=\"https:\/\/ainsivalavie.fr\/index.php\/2025\/11\/16\/webinaire-la-fratrie-touchee-par-le-deuil-perinatal\/\" target=\"_blank\">\n\t\t\t\tLire l'article \u00bb\t\t\t<\/a>\n\t\t\t\t<\/div>\n\t\t\t\t<div class=\"elementor-post__meta-data\">\n\t\t\t\t\t<span class=\"elementor-post-date\">\n\t\t\t16 novembre 2025\t\t<\/span>\n\t\t\t\t<\/div>\n\t\t\t\t\t<\/div>\n\t\t<\/article>\n\t\t\t\t<article class=\"elementor-post elementor-grid-item post-1587 post type-post status-publish format-standard has-post-thumbnail hentry category-non-classe\">\n\t\t\t<div class=\"elementor-post__card\">\n\t\t\t\t<a class=\"elementor-post__thumbnail__link\" href=\"https:\/\/ainsivalavie.fr\/index.php\/2022\/10\/01\/gaelle-guiny-interview-radio-notre-dame-conversation-avec-la-mort\/\" target=\"_blank\">\n\t\t\t<div class=\"elementor-post__thumbnail\"><img width=\"224\" height=\"224\" src=\"https:\/\/ainsivalavie.fr\/wp-content\/uploads\/2022\/10\/telechargement.jpg\" class=\"attachment-medium size-medium\" alt=\"\" loading=\"lazy\" srcset=\"https:\/\/ainsivalavie.fr\/wp-content\/uploads\/2022\/10\/telechargement.jpg 224w, https:\/\/ainsivalavie.fr\/wp-content\/uploads\/2022\/10\/telechargement-150x150.jpg 150w\" sizes=\"(max-width: 224px) 100vw, 224px\" \/><\/div>\n\t\t<\/a>\n\t\t\t\t<div class=\"elementor-post__badge\">Non class\u00e9<\/div>\n\t\t\t\t<div class=\"elementor-post__avatar\">\n\t\t\t<img alt='admin6856' src='https:\/\/secure.gravatar.com\/avatar\/284ebd6cde05636e9c0f32b9ab5286b8?s=128&#038;d=mm&#038;r=g' srcset='https:\/\/secure.gravatar.com\/avatar\/284ebd6cde05636e9c0f32b9ab5286b8?s=256&#038;d=mm&#038;r=g 2x' class='avatar avatar-128 photo' height='128' width='128' loading='lazy'\/>\t\t<\/div>\n\t\t\t\t<div class=\"elementor-post__text\">\n\t\t\t\t<h3 class=\"elementor-post__title\">\n\t\t\t<a href=\"https:\/\/ainsivalavie.fr\/index.php\/2022\/10\/01\/gaelle-guiny-interview-radio-notre-dame-conversation-avec-la-mort\/\" target=\"_blank\">\n\t\t\t\tInterview sur Radio Notre-Dame\t\t\t<\/a>\n\t\t<\/h3>\n\t\t\t\t<div class=\"elementor-post__excerpt\">\n\t\t\t<p>J&#8217;ai rencontr\u00e9 Christian de Cacqueray \u00e0 son bureau du Service Catholique des Fun\u00e9railles pour un \u00e9pisode de mon podcast. Il<\/p>\n\t\t<\/div>\n\t\t\t\t\t<a class=\"elementor-post__read-more\" href=\"https:\/\/ainsivalavie.fr\/index.php\/2022\/10\/01\/gaelle-guiny-interview-radio-notre-dame-conversation-avec-la-mort\/\" target=\"_blank\">\n\t\t\t\tLire l'article \u00bb\t\t\t<\/a>\n\t\t\t\t<\/div>\n\t\t\t\t<div class=\"elementor-post__meta-data\">\n\t\t\t\t\t<span class=\"elementor-post-date\">\n\t\t\t1 octobre 2022\t\t<\/span>\n\t\t\t\t<\/div>\n\t\t\t\t\t<\/div>\n\t\t<\/article>\n\t\t\t\t<\/div>\n\t\t\t\t<\/div>\n\t\t\t\t<\/div>\n\t\t\t\t\t<\/div>\n\t\t<\/div>\n\t\t\t\t\t\t\t<\/div>\n\t\t<\/section>\n\t\t\t\t\t\t<\/div>\n\t\t\t\t\t<\/div>\n\t\t","protected":false},"excerpt":{"rendered":"","protected":false},"author":1,"featured_media":0,"parent":0,"menu_order":0,"comment_status":"closed","ping_status":"closed","template":"elementor_header_footer","meta":[],"_links":{"self":[{"href":"https:\/\/ainsivalavie.fr\/index.php\/wp-json\/wp\/v2\/pages\/41"}],"collection":[{"href":"https:\/\/ainsivalavie.fr\/index.php\/wp-json\/wp\/v2\/pages"}],"about":[{"href":"https:\/\/ainsivalavie.fr\/index.php\/wp-json\/wp\/v2\/types\/page"}],"author":[{"embeddable":true,"href":"https:\/\/ainsivalavie.fr\/index.php\/wp-json\/wp\/v2\/users\/1"}],"replies":[{"embeddable":true,"href":"https:\/\/ainsivalavie.fr\/index.php\/wp-json\/wp\/v2\/comments?post=41"}],"version-history":[{"count":25,"href":"https:\/\/ainsivalavie.fr\/index.php\/wp-json\/wp\/v2\/pages\/41\/revisions"}],"predecessor-version":[{"id":4289,"href":"https:\/\/ainsivalavie.fr\/index.php\/wp-json\/wp\/v2\/pages\/41\/revisions\/4289"}],"wp:attachment":[{"href":"https:\/\/ainsivalavie.fr\/index.php\/wp-json\/wp\/v2\/media?parent=41"}],"curies":[{"name":"wp","href":"https:\/\/api.w.org\/{rel}","templated":true}]}}