{"id":39,"date":"2021-06-17T04:28:11","date_gmt":"2021-06-17T02:28:11","guid":{"rendered":"http:\/\/fqkwbus.cluster028.hosting.ovh.net\/?page_id=39"},"modified":"2025-08-23T11:42:35","modified_gmt":"2025-08-23T09:42:35","slug":"a-propos","status":"publish","type":"page","link":"https:\/\/ainsivalavie.fr\/index.php\/a-propos\/","title":{"rendered":"A propos"},"content":{"rendered":"\t\t<div data-elementor-type=\"wp-page\" data-elementor-id=\"39\" class=\"elementor elementor-39\" data-elementor-settings=\"[]\">\n\t\t\t\t\t\t\t<div class=\"elementor-section-wrap\">\n\t\t\t\t\t\t\t<section class=\"elementor-section elementor-top-section elementor-element elementor-element-1f0647f elementor-section-boxed elementor-section-height-default elementor-section-height-default\" data-id=\"1f0647f\" data-element_type=\"section\">\n\t\t\t\t\t\t<div class=\"elementor-container elementor-column-gap-default\">\n\t\t\t\t\t<div class=\"elementor-column elementor-col-100 elementor-top-column elementor-element elementor-element-2a77a81\" data-id=\"2a77a81\" data-element_type=\"column\">\n\t\t\t<div class=\"elementor-widget-wrap elementor-element-populated\">\n\t\t\t\t\t\t\t\t<div class=\"elementor-element elementor-element-46f249f elementor-widget elementor-widget-heading\" data-id=\"46f249f\" data-element_type=\"widget\" data-widget_type=\"heading.default\">\n\t\t\t\t<div class=\"elementor-widget-container\">\n\t\t\t<h2 class=\"elementor-heading-title elementor-size-default\">A propos<\/h2>\t\t<\/div>\n\t\t\t\t<\/div>\n\t\t\t\t<div class=\"elementor-element elementor-element-3d59736 elementor-widget-divider--view-line elementor-widget elementor-widget-divider\" data-id=\"3d59736\" data-element_type=\"widget\" data-widget_type=\"divider.default\">\n\t\t\t\t<div class=\"elementor-widget-container\">\n\t\t\t\t\t<div class=\"elementor-divider\">\n\t\t\t<span class=\"elementor-divider-separator\">\n\t\t\t\t\t\t<\/span>\n\t\t<\/div>\n\t\t\t\t<\/div>\n\t\t\t\t<\/div>\n\t\t\t\t<div class=\"elementor-element elementor-element-94b7efb elementor-widget elementor-widget-text-editor\" data-id=\"94b7efb\" data-element_type=\"widget\" data-widget_type=\"text-editor.default\">\n\t\t\t\t<div class=\"elementor-widget-container\">\n\t\t\t\t\t\t\t\t\t\t\t\t\t\t<\/div>\n\t\t\t\t<\/div>\n\t\t\t\t\t<\/div>\n\t\t<\/div>\n\t\t\t\t\t\t\t<\/div>\n\t\t<\/section>\n\t\t\t\t<section class=\"elementor-section elementor-top-section elementor-element elementor-element-3576fa6 elementor-section-boxed elementor-section-height-default elementor-section-height-default\" data-id=\"3576fa6\" data-element_type=\"section\">\n\t\t\t\t\t\t<div class=\"elementor-container elementor-column-gap-default\">\n\t\t\t\t\t<div class=\"elementor-column elementor-col-50 elementor-top-column elementor-element elementor-element-60842b6\" data-id=\"60842b6\" data-element_type=\"column\">\n\t\t\t<div class=\"elementor-widget-wrap elementor-element-populated\">\n\t\t\t\t\t\t\t\t<div class=\"elementor-element elementor-element-a89c9df elementor-widget elementor-widget-heading\" data-id=\"a89c9df\" data-element_type=\"widget\" data-widget_type=\"heading.default\">\n\t\t\t\t<div class=\"elementor-widget-container\">\n\t\t\t<h2 class=\"elementor-heading-title elementor-size-default\">Qui suis-je ?<\/h2>\t\t<\/div>\n\t\t\t\t<\/div>\n\t\t\t\t<div class=\"elementor-element elementor-element-1e6eb7a elementor-widget-divider--view-line elementor-widget elementor-widget-divider\" data-id=\"1e6eb7a\" data-element_type=\"widget\" data-widget_type=\"divider.default\">\n\t\t\t\t<div class=\"elementor-widget-container\">\n\t\t\t\t\t<div class=\"elementor-divider\">\n\t\t\t<span class=\"elementor-divider-separator\">\n\t\t\t\t\t\t<\/span>\n\t\t<\/div>\n\t\t\t\t<\/div>\n\t\t\t\t<\/div>\n\t\t\t\t<div class=\"elementor-element elementor-element-c889eef elementor-widget elementor-widget-text-editor\" data-id=\"c889eef\" data-element_type=\"widget\" data-widget_type=\"text-editor.default\">\n\t\t\t\t<div class=\"elementor-widget-container\">\n\t\t\t\t\t\t\t\t<h4>Mon parcours<\/h4><p>D\u2019abord productrice de documentaires et de dessins anim\u00e9s, ma trajectoire a chang\u00e9 apr\u00e8s <strong>deux deuils profond\u00e9ment transformateurs<\/strong>.<\/p><p>Ces \u00e9preuves m\u2019ont conduite \u00e0 devenir praticienne de<strong> shiatsu, seiki, chi nei tsang et kobido, des pratiques holistiques<\/strong> qui consid\u00e8rent la personne dans sa globalit\u00e9.<\/p><p><strong>Form\u00e9e au Dipl\u00f4me Universitaire \u201cDeuil et travail de deuil\u201d<\/strong> (Facult\u00e9 de M\u00e9decine de Paris-Saclay) et aupr\u00e8s d\u2019associations sp\u00e9cialis\u00e9es (Vivre son deuil, Chemin de deuil, du corps \u00e0 l\u2019\u00eatre, SPAMA, Agapa), <strong>j\u2019accompagne depuis 2018 les personnes en deuil.<\/strong><\/p><h4>Mes accompagnements<\/h4><p>J\u2019accueille les endeuill\u00e9s (pr\u00e9sentiel et visio) :<\/p><p><strong>. en s\u00e9ances d&#8217;\u00e9coute et de parole individuelles,<\/strong><\/p><p><strong>. en groupes de parole,<\/strong><\/p><p><strong>. par des soins corporels adapt\u00e9s,<\/strong><\/p><p><strong>. par des ateliers de carnet de deuil cr\u00e9atif (depuis 2022).<\/strong><\/p><p>En parall\u00e8le, je co-anime b\u00e9n\u00e9volement des groupes de soutien pour parents endeuill\u00e9s au sein de l\u2019association SPAMA.<\/p><h4>Accompagnement en entreprise<\/h4><p>Avec 35 ans d\u2019exp\u00e9riences professionnelles en entreprises, j\u2019ai constat\u00e9 les difficult\u00e9s rencontr\u00e9es par les managers, RH et encadrants face au d\u00e9c\u00e8s ou au deuil d\u2019un collaborateur, d&#8217;une collaboratrice.<br \/>J\u2019interviens en entreprises, associations et collectivit\u00e9s pour :<\/p><p><strong>. former et informer,<\/strong><\/p><p><strong>. animer des ateliers et conf\u00e9rences,<\/strong><\/p><p><strong>. ouvrir des espaces de parole autour du deuil<\/strong><\/p><p>N&#8217;h\u00e9sitez pas \u00e0 me contacter pour en discuter.<\/p><h4>Podcast \u00ab Ainsi va la vie \u00bb<\/h4><p>En 2021, j\u2019ai cr\u00e9\u00e9 le podcast \u00ab Ainsi va la vie \u00bb, d\u00e9di\u00e9 \u00e0 la mort et au deuil.<\/p><p>\u00c0 travers des entretiens avec des invit\u00e9\u00b7e\u00b7s inspirant\u00b7e\u00b7s, j\u2019aborde ces th\u00e8mes avec simplicit\u00e9 et sans tabou.<\/p><h4>Ma vision<\/h4><p>Comme l\u2019exprime Fran\u00e7ois Cheng :<br \/>\u00ab Incorporer la mort dans notre vision, c\u2019est recevoir la vie comme un don d\u2019une g\u00e9n\u00e9rosit\u00e9 sans prix. \u00bb<\/p><p>\u27a1\ufe0f D\u00e9couvrez mes soins et mes accompagnements sur mon site professionnel<\/p><p><a href=\"https:\/\/www.gaelle-guiny.com\">https:\/\/www.gaelle-guiny.com<\/a><\/p>\t\t\t\t\t\t<\/div>\n\t\t\t\t<\/div>\n\t\t\t\t<div class=\"elementor-element elementor-element-61e7f16 elementor-mobile-align-center elementor-widget elementor-widget-button\" data-id=\"61e7f16\" data-element_type=\"widget\" data-widget_type=\"button.default\">\n\t\t\t\t<div class=\"elementor-widget-container\">\n\t\t\t\t\t<div class=\"elementor-button-wrapper\">\n\t\t\t<a href=\"https:\/\/ainsivalavie.fr\/index.php\/contact\/\" class=\"elementor-button-link elementor-button elementor-size-sm elementor-animation-bob\" role=\"button\">\n\t\t\t\t\t\t<span class=\"elementor-button-content-wrapper\">\n\t\t\t\t\t\t<span class=\"elementor-button-text\">Me contacter<\/span>\n\t\t<\/span>\n\t\t\t\t\t<\/a>\n\t\t<\/div>\n\t\t\t\t<\/div>\n\t\t\t\t<\/div>\n\t\t\t\t\t<\/div>\n\t\t<\/div>\n\t\t\t\t<div class=\"elementor-column elementor-col-50 elementor-top-column elementor-element elementor-element-c1e2e6d\" data-id=\"c1e2e6d\" data-element_type=\"column\">\n\t\t\t<div class=\"elementor-widget-wrap elementor-element-populated\">\n\t\t\t\t\t\t\t\t<div class=\"elementor-element elementor-element-fa0816b elementor-widget elementor-widget-image\" data-id=\"fa0816b\" data-element_type=\"widget\" data-widget_type=\"image.default\">\n\t\t\t\t<div class=\"elementor-widget-container\">\n\t\t\t\t\t\t\t\t\t\t\t\t\t\t\t<img width=\"1363\" height=\"2048\" src=\"https:\/\/ainsivalavie.fr\/wp-content\/uploads\/2021\/06\/Photo-Gaelle-Guiny_photographe-Gwladys-Louiset-1363x2048.jpg\" class=\"attachment-2048x2048 size-2048x2048\" alt=\"\" loading=\"lazy\" srcset=\"https:\/\/ainsivalavie.fr\/wp-content\/uploads\/2021\/06\/Photo-Gaelle-Guiny_photographe-Gwladys-Louiset-1363x2048.jpg 1363w, https:\/\/ainsivalavie.fr\/wp-content\/uploads\/2021\/06\/Photo-Gaelle-Guiny_photographe-Gwladys-Louiset-200x300.jpg 200w, https:\/\/ainsivalavie.fr\/wp-content\/uploads\/2021\/06\/Photo-Gaelle-Guiny_photographe-Gwladys-Louiset-681x1024.jpg 681w, https:\/\/ainsivalavie.fr\/wp-content\/uploads\/2021\/06\/Photo-Gaelle-Guiny_photographe-Gwladys-Louiset-768x1154.jpg 768w, https:\/\/ainsivalavie.fr\/wp-content\/uploads\/2021\/06\/Photo-Gaelle-Guiny_photographe-Gwladys-Louiset-1022x1536.jpg 1022w, https:\/\/ainsivalavie.fr\/wp-content\/uploads\/2021\/06\/Photo-Gaelle-Guiny_photographe-Gwladys-Louiset-scaled.jpg 1703w\" sizes=\"(max-width: 1363px) 100vw, 1363px\" \/>\t\t\t\t\t\t\t\t\t\t\t\t\t\t\t<\/div>\n\t\t\t\t<\/div>\n\t\t\t\t\t<\/div>\n\t\t<\/div>\n\t\t\t\t\t\t\t<\/div>\n\t\t<\/section>\n\t\t\t\t\t\t<\/div>\n\t\t\t\t\t<\/div>\n\t\t","protected":false},"excerpt":{"rendered":"<p>A propos Qui suis-je ? Mon parcours D\u2019abord productrice de documentaires et de dessins anim\u00e9s, ma trajectoire a chang\u00e9 apr\u00e8s&#8230;<\/p>\n","protected":false},"author":1,"featured_media":0,"parent":0,"menu_order":0,"comment_status":"closed","ping_status":"closed","template":"elementor_header_footer","meta":[],"_links":{"self":[{"href":"https:\/\/ainsivalavie.fr\/index.php\/wp-json\/wp\/v2\/pages\/39"}],"collection":[{"href":"https:\/\/ainsivalavie.fr\/index.php\/wp-json\/wp\/v2\/pages"}],"about":[{"href":"https:\/\/ainsivalavie.fr\/index.php\/wp-json\/wp\/v2\/types\/page"}],"author":[{"embeddable":true,"href":"https:\/\/ainsivalavie.fr\/index.php\/wp-json\/wp\/v2\/users\/1"}],"replies":[{"embeddable":true,"href":"https:\/\/ainsivalavie.fr\/index.php\/wp-json\/wp\/v2\/comments?post=39"}],"version-history":[{"count":72,"href":"https:\/\/ainsivalavie.fr\/index.php\/wp-json\/wp\/v2\/pages\/39\/revisions"}],"predecessor-version":[{"id":3889,"href":"https:\/\/ainsivalavie.fr\/index.php\/wp-json\/wp\/v2\/pages\/39\/revisions\/3889"}],"wp:attachment":[{"href":"https:\/\/ainsivalavie.fr\/index.php\/wp-json\/wp\/v2\/media?parent=39"}],"curies":[{"name":"wp","href":"https:\/\/api.w.org\/{rel}","templated":true}]}}