{"id":3447,"date":"2025-02-12T12:37:01","date_gmt":"2025-02-12T11:37:01","guid":{"rendered":"https:\/\/ainsivalavie.fr\/?page_id=3447"},"modified":"2025-08-22T17:43:56","modified_gmt":"2025-08-22T15:43:56","slug":"39-le-chagrin-et-le-deuil-chez-les-animaux-avec-barbara-j-king","status":"publish","type":"page","link":"https:\/\/ainsivalavie.fr\/index.php\/les-episodes\/39-le-chagrin-et-le-deuil-chez-les-animaux-avec-barbara-j-king\/","title":{"rendered":"# 39 &#8211; Le chagrin et le deuil chez les animaux [avec Barbara J. King]"},"content":{"rendered":"\t\t<div data-elementor-type=\"wp-page\" data-elementor-id=\"3447\" class=\"elementor elementor-3447\" data-elementor-settings=\"[]\">\n\t\t\t\t\t\t\t<div class=\"elementor-section-wrap\">\n\t\t\t\t\t\t\t<section class=\"elementor-section elementor-top-section elementor-element elementor-element-b131b7d elementor-section-boxed elementor-section-height-default elementor-section-height-default\" data-id=\"b131b7d\" data-element_type=\"section\">\n\t\t\t\t\t\t<div class=\"elementor-container elementor-column-gap-default\">\n\t\t\t\t\t<div class=\"elementor-column elementor-col-100 elementor-top-column elementor-element elementor-element-4f5cc11\" data-id=\"4f5cc11\" data-element_type=\"column\">\n\t\t\t<div class=\"elementor-widget-wrap elementor-element-populated\">\n\t\t\t\t\t\t\t\t<div class=\"elementor-element elementor-element-38c5598 elementor-widget elementor-widget-image\" data-id=\"38c5598\" data-element_type=\"widget\" data-widget_type=\"image.default\">\n\t\t\t\t<div class=\"elementor-widget-container\">\n\t\t\t\t\t\t\t\t\t\t\t\t\t\t\t<img width=\"640\" height=\"360\" src=\"https:\/\/ainsivalavie.fr\/wp-content\/uploads\/2025\/08\/9-768x432.png\" class=\"attachment-medium_large size-medium_large\" alt=\"\" loading=\"lazy\" srcset=\"https:\/\/ainsivalavie.fr\/wp-content\/uploads\/2025\/08\/9-768x432.png 768w, https:\/\/ainsivalavie.fr\/wp-content\/uploads\/2025\/08\/9-300x169.png 300w, https:\/\/ainsivalavie.fr\/wp-content\/uploads\/2025\/08\/9-1024x576.png 1024w, https:\/\/ainsivalavie.fr\/wp-content\/uploads\/2025\/08\/9-1536x864.png 1536w, https:\/\/ainsivalavie.fr\/wp-content\/uploads\/2025\/08\/9.png 1920w\" sizes=\"(max-width: 640px) 100vw, 640px\" \/>\t\t\t\t\t\t\t\t\t\t\t\t\t\t\t<\/div>\n\t\t\t\t<\/div>\n\t\t\t\t\t<\/div>\n\t\t<\/div>\n\t\t\t\t\t\t\t<\/div>\n\t\t<\/section>\n\t\t\t\t<section class=\"elementor-section elementor-top-section elementor-element elementor-element-bfe6f12 elementor-section-boxed elementor-section-height-default elementor-section-height-default\" data-id=\"bfe6f12\" data-element_type=\"section\">\n\t\t\t\t\t\t<div class=\"elementor-container elementor-column-gap-default\">\n\t\t\t\t\t<div class=\"elementor-column elementor-col-100 elementor-top-column elementor-element elementor-element-d0c0955\" data-id=\"d0c0955\" data-element_type=\"column\">\n\t\t\t<div class=\"elementor-widget-wrap elementor-element-populated\">\n\t\t\t\t\t\t\t\t<div class=\"elementor-element elementor-element-053114d elementor-widget elementor-widget-heading\" data-id=\"053114d\" data-element_type=\"widget\" data-widget_type=\"heading.default\">\n\t\t\t\t<div class=\"elementor-widget-container\">\n\t\t\t<h2 class=\"elementor-heading-title elementor-size-default\"># 39 - Le chagrin et le deuil chez les animaux<\/h2>\t\t<\/div>\n\t\t\t\t<\/div>\n\t\t\t\t\t<\/div>\n\t\t<\/div>\n\t\t\t\t\t\t\t<\/div>\n\t\t<\/section>\n\t\t\t\t<section class=\"elementor-section elementor-top-section elementor-element elementor-element-76064d5 elementor-section-boxed elementor-section-height-default elementor-section-height-default\" data-id=\"76064d5\" data-element_type=\"section\">\n\t\t\t\t\t\t<div class=\"elementor-container elementor-column-gap-default\">\n\t\t\t\t\t<div class=\"elementor-column elementor-col-100 elementor-top-column elementor-element elementor-element-7083c55\" data-id=\"7083c55\" data-element_type=\"column\">\n\t\t\t<div class=\"elementor-widget-wrap elementor-element-populated\">\n\t\t\t\t\t\t\t\t<div class=\"elementor-element elementor-element-bdeae77 elementor-widget elementor-widget-text-editor\" data-id=\"bdeae77\" data-element_type=\"widget\" data-widget_type=\"text-editor.default\">\n\t\t\t\t<div class=\"elementor-widget-container\">\n\t\t\t\t\t\t\t\t<iframe loading=\"lazy\" src=\"https:\/\/creators.spotify.com\/pod\/show\/gaelle-guiny\/embed\/episodes\/39---Le-chagrin-et-le-deuil-chez-les-animaux-avec-Barbara-J--King-e2ujtm8\/a-abp7a4o\" height=\"102px\" width=\"400px\" frameborder=\"0\" scrolling=\"no\"><\/iframe>\t\t\t\t\t\t<\/div>\n\t\t\t\t<\/div>\n\t\t\t\t<div class=\"elementor-element elementor-element-a79da66 elementor-widget elementor-widget-text-editor\" data-id=\"a79da66\" data-element_type=\"widget\" data-widget_type=\"text-editor.default\">\n\t\t\t\t<div class=\"elementor-widget-container\">\n\t\t\t\t\t\t\t\t<p>\ud83d\udc49 Avez-vous d\u00e9j\u00e0 r\u00e9fl\u00e9chi \u00e0 la mani\u00e8re dont les animaux ressentent et expriment leurs \u00e9motions ? <br \/>\ud83d\udc49 Peuvent-ils \u00e9prouver le chagrin et vivre le deuil ? <br \/>\ud83d\udc49 Comment pouvons-nous reconna\u00eetre les signes de deuil chez nos compagnons \u00e0 deux ou quatre pattes ?<\/p><p>Pour aborder ces questions, je re\u00e7ois Barbara J. King, experte internationalement reconnue pour ses recherches sur les \u00e9motions, le comportement et la cognition des animaux.\u00a0<\/p><p>\ud83d\udcda<strong>Une carri\u00e8re d\u00e9di\u00e9e aux \u00e9motions animales<\/strong><br \/>Professeure \u00e9m\u00e9rite d&#8217;anthropologie \u00e0 l&#8217;universit\u00e9 William &amp; Mary (USA), Barbara J. King est autrice de 7 livres dont &#8220;\ud835\udc8d\ud835\udc86 \ud835\udc84\ud835\udc89\ud835\udc82\ud835\udc88\ud835\udc93\ud835\udc8a\ud835\udc8f \ud835\udc85\ud835\udc86\ud835\udc94 \ud835\udc82\ud835\udc8f\ud835\udc8a\ud835\udc8e\ud835\udc82\ud835\udc96\ud835\udc99&#8221; aux Editions de Fallois (prix 30 millions d&#8217;amis).<\/p><p><img loading=\"lazy\" class=\" wp-image-3456 aligncenter\" src=\"https:\/\/ainsivalavie.fr\/wp-content\/uploads\/2025\/02\/Capture-decran-2025-02-12-124701-196x300.png\" alt=\"Le chagrin des animaux\" width=\"151\" height=\"231\" srcset=\"https:\/\/ainsivalavie.fr\/wp-content\/uploads\/2025\/02\/Capture-decran-2025-02-12-124701-196x300.png 196w, https:\/\/ainsivalavie.fr\/wp-content\/uploads\/2025\/02\/Capture-decran-2025-02-12-124701.png 272w\" sizes=\"(max-width: 151px) 100vw, 151px\" \/><\/p><p>Durant notre discussion, Barbara J. King aborde le scepticisme scientifique historique autour des \u00e9motions animales et l&#8217;\u00e9volution des perspectives et des contributions de chercheurs comme Jane Goodall et Franz de Waal \u00e0 la reconnaissance des \u00e9motions chez les animaux.<\/p><p>\ud83d\udc18 <strong>Rituels et conscience de soi chez les animaux<\/strong>\u00a0<br \/>Nous explorons des exemples de chagrin chez les \u00e9l\u00e9phants, orques, dauphins, grands singes, oiseaux etc&#8230; , des comportements qui pourraient s&#8217;apparenter \u00e0 des rituels fun\u00e9raires et qui t\u00e9moignent de leur capacit\u00e9 \u00e0 \u00e9prouver des \u00e9motions complexes.<\/p><p>\ud83d\udc15\u00a0<strong> Le deuil inter-esp\u00e8ces et l&#8217;attachement aux humains.<\/strong>\u00a0<br \/>Barbara nous \u00e9claire sur les r\u00e9actions des animaux de compagnie en deuil de leurs gardien.ne.s humains, illustrant la profondeur de l&#8217;attachement et les \u00e9motions partag\u00e9es entre les esp\u00e8ces.<\/p><p>\ud83c\udf3f <strong>Ethique et responsabilit\u00e9 humaine.<\/strong><\/p><p>Nous profitons de cet \u00e9pisode pour discuter de l&#8217;impact de notre comportement sur le bien-\u00eatre animal et des deuils que nous provoquons.<\/p><p><strong>\ud83d\udca1 L&#8217;espoir d&#8217;une cohabitation harmonieuse<\/strong> \u00a0<br \/>L&#8217;\u00e9pisode se termine sur une note d&#8217;espoir, invitant \u00e0 une prise de conscience collective sur la sensibilit\u00e9 animale et l&#8217;importance d&#8217;agir avec compassion pour un monde o\u00f9 humains et animaux coexistent dans le respect et la compr\u00e9hension mutuelle.<\/p><p><em><strong><span style=\"font-family: Arial; font-size: large;\">Cet \u00e9pisode nous invite \u00e0 r\u00e9fl\u00e9chir \u00e0 notre responsabilit\u00e9 envers les animaux et \u00e0 la mani\u00e8re dont nous pouvons contribuer \u00e0 leur bien-\u00eatre \u00e0 travers des choix de vie plus conscients.<\/span><\/strong><\/em><\/p><p><span class=\"yt-core-attributed-string--link-inherit-color\" dir=\"auto\"> Bonne \u00e9coute de &#8220;Ainsi va la vie&#8221;, le podcast sur le deuil.<\/span><\/p><p><span class=\"yt-core-attributed-string--link-inherit-color\" dir=\"auto\"> \u27a1\ufe0fPARTAGEZ CET EPISODE<\/span><\/p><p><span class=\"yt-core-attributed-string--link-inherit-color\" dir=\"auto\"> \u27a1\ufe0fDONNEZ UN POUCE EN L&#8217;AIR ou 5 ETOILES !<\/span><\/p><p><span class=\"yt-core-attributed-string--link-inherit-color\" dir=\"auto\"> \u27a1\ufe0fCOMMENTEZ<\/span><\/p><p><span class=\"yt-core-attributed-string--link-inherit-color\" dir=\"auto\"> \u25ba RESEAUX SOCIAUX<\/span><\/p><p><span class=\"yt-core-attributed-string--link-inherit-color\" dir=\"auto\"> \ud83d\udc49 Instagram ainsivalavie.podcast <\/span><\/p><p><span class=\"yt-core-attributed-string--link-inherit-color\" dir=\"auto\">\ud83d\udc49 Facebook : ainsivalaviepocast <\/span><\/p><p><span class=\"yt-core-attributed-string--link-inherit-color\" dir=\"auto\">\u25ba SITES INTERNET<\/span><\/p><p><span class=\"yt-core-attributed-string--link-inherit-color\" dir=\"auto\"> \ud83d\udc49<\/span><span class=\"yt-core-attributed-string--link-inherit-color\" dir=\"auto\"><a class=\"yt-core-attributed-string__link yt-core-attributed-string__link--call-to-action-color\" tabindex=\"0\" href=\"https:\/\/www.youtube.com\/redirect?event=video_description&amp;redir_token=QUFFLUhqbFVDM3RTYXhOS0lmakgzNm9mdmhONnA1SHRVd3xBQ3Jtc0trbEJYdGZaVU9PQk95TXdHcDJpRTlDMnpfdVF5TkoxeE1zcFktTWlsMjlIMDZGU3hZZmpuQmcyb1JzRWxCaElwajhWcUowSndkTjZ1Zkd1RHp0TGtyZ002ZndSa3VqRDBEX2Yyc1BNU2tDQzZnMktCTQ&amp;q=https%3A%2F%2Fwww.barbarajking.com%2F&amp;v=Vj8U08t9Z2A\" target=\"_blank\" rel=\"nofollow noopener\">https:\/\/www.barbarajking.com<\/a><\/span><\/p><p><span class=\"yt-core-attributed-string--link-inherit-color\" dir=\"auto\"> \ud83d\udc49 <\/span><span class=\"yt-core-attributed-string--link-inherit-color\" dir=\"auto\"><a class=\"yt-core-attributed-string__link yt-core-attributed-string__link--call-to-action-color\" tabindex=\"0\" href=\"https:\/\/www.youtube.com\/redirect?event=video_description&amp;redir_token=QUFFLUhqbUo0RC1wR0Q5UXZneU1OTFA1b0NMaUVmUEVNUXxBQ3Jtc0tsUm1jTUhVRFg3S0xJNzlXbTF4WkxNSXlUQTNKQ2tzbkdsMm14WGlXV0VSakF1QVNkMzFsZEhxeS1lcnFGN2UxcFdFSWFoT01WTmIzVGRvTDlSVjB6ZHpKRlVNQ2NlY0JCdHBsN2JEMV9kcEtEYzBxdw&amp;q=https%3A%2F%2Fwww.ainsivalavie.fr%2F&amp;v=Vj8U08t9Z2A\" target=\"_blank\" rel=\"nofollow noopener\">https:\/\/www.ainsivalavie.fr<\/a><\/span><\/p><p><span class=\"yt-core-attributed-string--link-inherit-color\" dir=\"auto\"> \ud83d\udc49 <\/span><span class=\"yt-core-attributed-string--link-inherit-color\" dir=\"auto\"><a class=\"yt-core-attributed-string__link yt-core-attributed-string__link--call-to-action-color\" tabindex=\"0\" href=\"https:\/\/www.youtube.com\/redirect?event=video_description&amp;redir_token=QUFFLUhqbXV0WVp1c01XZXZlWl9PcXVGdEU3Mml3RVU1Z3xBQ3Jtc0tua1VvQUs3ZDd6Ujk1b0RLN2l3VTc1N21nTldFT0RvcWpoQzk1UUxVcFhRZFo2Z2JGbXBRanprZjFqX0F4OGhSRW5UMTZaYWdDZmVLOXNTYmxCN003LXFndWI5OURpZGVhXzlOTWJ3T0JSOVVZejFNYw&amp;q=https%3A%2F%2Fwww.gaelle-guiny.com%2F&amp;v=Vj8U08t9Z2A\" target=\"_blank\" rel=\"nofollow noopener\">https:\/\/www.gaelle-guiny.com<\/a><\/span><\/p><div><div id=\"0DE9E47C-871A-4F90-8440-B190C216800A_17\" class=\"mcafee_green\" tabindex=\"0\">\u00a0<\/div><\/div><p><span class=\"yt-core-attributed-string--link-inherit-color\" dir=\"auto\"> cr\u00e9dit musique (intro et outro): Flourish by Purrple Cat by Purrple Cat <\/span><span class=\"yt-core-attributed-string--link-inherit-color\" dir=\"auto\"><a class=\"yt-core-attributed-string__link yt-core-attributed-string__link--call-to-action-color\" tabindex=\"0\" href=\"https:\/\/www.youtube.com\/redirect?event=video_description&amp;redir_token=QUFFLUhqazAxRFpjaDNBLWxteWcxcTU5Nno2dXR0MG41d3xBQ3Jtc0tubmpLU3ZoMjJUMnlobEd0bm15cHo5UDhCVG9HN1FPYzdPVVRwLWZ3VnktZ3NxeWd6TmRWWEV4bVlrZnR6SXktUk9BLS01T2JKZlVyNS1BOVZQRl9kLTZYY0dBT21CN1RUMzFuRmswRTBjeDhXZk5kZw&amp;q=https%3A%2F%2Fpurrplecat.com%2F&amp;v=Vj8U08t9Z2A\" target=\"_blank\" rel=\"nofollow noopener\">https:\/\/purrplecat.com<\/a><\/span><\/p><p><span class=\"yt-core-attributed-string--link-inherit-color\" dir=\"auto\"> &#8211; Music promoted by <\/span><span class=\"yt-core-attributed-string--link-inherit-color\" dir=\"auto\"><a class=\"yt-core-attributed-string__link yt-core-attributed-string__link--call-to-action-color\" tabindex=\"0\" href=\"https:\/\/www.youtube.com\/redirect?event=video_description&amp;redir_token=QUFFLUhqbTJBZlE3cGhaUDBiX0pmbUd6X3VlTW5JWkRYQXxBQ3Jtc0trUFFCcXhiSWhEXzRUeGpKd0luU3B0SHhyTF81MEF3YTgzY2l0enlpM0w5MklJSTNFaE1PdVcxZVo1VzMxM0dTQndKam9LZ3dLcVB3cmpLOHFGNUFMNHY0UnR6WThYQVZaT3pPZmN2ckVvMldkMlBfbw&amp;q=https%3A%2F%2Fwww.free-stock-music.comCreative%2F&amp;v=Vj8U08t9Z2A\" target=\"_blank\" rel=\"nofollow noopener\">https:\/\/www.free-stock-music.comCreative<\/a><\/span><\/p><p><span class=\"yt-core-attributed-string--link-inherit-color\" dir=\"auto\"> Commons Attribution-ShareAlike 3.0 Unported &#8211; <\/span><span class=\"yt-core-attributed-string--link-inherit-color\" dir=\"auto\"><a class=\"yt-core-attributed-string__link yt-core-attributed-string__link--call-to-action-color\" tabindex=\"0\" href=\"https:\/\/www.youtube.com\/redirect?event=video_description&amp;redir_token=QUFFLUhqbGtMcFpVU1dtQ2tUeVJXa0kwVUhoZXZvMF9WQXxBQ3Jtc0tseXF5ajhzT3dzYjlydnZQUHNwQm13YUdnRlRYVGpDMy1Tdjk5VFhYWFo3UFUybGNrYy1wUkljdlhtbGQ1Y0J2YnlXdEhXYUZzeDFXQTRiX3owQWRLV1V6S1RmR1c2WXpCQzgwT0dDZUlBcWlfaDdjWQ&amp;q=https%3A%2F%2Fcreativecommons.org%2Flicenses%2F.&amp;v=Vj8U08t9Z2A\" target=\"_blank\" rel=\"nofollow noopener\">https:\/\/creativecommons.org\/licenses\/.<\/a><\/span><\/p><p><span class=\"yt-core-attributed-string--link-inherit-color\" dir=\"auto\">.et Track: Eurynome Music by <\/span><span class=\"yt-core-attributed-string--link-inherit-color\" dir=\"auto\"><a class=\"yt-core-attributed-string__link yt-core-attributed-string__link--call-to-action-color\" tabindex=\"0\" href=\"https:\/\/www.youtube.com\/redirect?event=video_description&amp;redir_token=QUFFLUhqa2JaTlZfdjB0ZkpfM0hBWGZPUEVlWVNnOVc0UXxBQ3Jtc0tudkNnQzcyZUk1NUNHdlp3QWhOd2RlZE5ZN3hOTXNKLVMwWmRmSkFDSHB4OFRpWGY3ZlE0MjRfb1VndTNkZkllaVJoWVEtTmN5YTVfbTlEZWJOX21jWTA2UTI0NUJQR0VDalRwbkVuMU56SGd5MmZJcw&amp;q=https%3A%2F%2Fwww.fiftysounds.com%2F&amp;v=Vj8U08t9Z2A\" target=\"_blank\" rel=\"nofollow noopener\">https:\/\/www.fiftysounds.com<\/a><\/span><\/p><div><div id=\"0DE9E47C-871A-4F90-8440-B190C216800A_21\" class=\"mcafee_green\" tabindex=\"0\">\u00a0<\/div><\/div><p><span class=\"yt-core-attributed-string--link-inherit-color\" dir=\"auto\"><a class=\"yt-core-attributed-string__link yt-core-attributed-string__link--call-to-action-color\" tabindex=\"0\" href=\"https:\/\/www.youtube.com\/hashtag\/podcast\" target=\"\">#Podcast<\/a><\/span> <span class=\"yt-core-attributed-string--link-inherit-color\" dir=\"auto\"><a class=\"yt-core-attributed-string__link yt-core-attributed-string__link--call-to-action-color\" tabindex=\"0\" href=\"https:\/\/www.youtube.com\/hashtag\/ainsivalavie\" target=\"\">#Ainsivalavie<\/a><\/span> <span class=\"yt-core-attributed-string--link-inherit-color\" dir=\"auto\"><a class=\"yt-core-attributed-string__link yt-core-attributed-string__link--call-to-action-color\" tabindex=\"0\" href=\"https:\/\/www.youtube.com\/hashtag\/emotions\" target=\"\">#emotions<\/a><\/span> <span class=\"yt-core-attributed-string--link-inherit-color\" dir=\"auto\"><a class=\"yt-core-attributed-string__link yt-core-attributed-string__link--call-to-action-color\" tabindex=\"0\" href=\"https:\/\/www.youtube.com\/hashtag\/chagrinanimal\" target=\"\">#Chagrinanimal<\/a><\/span> <span class=\"yt-core-attributed-string--link-inherit-color\" dir=\"auto\"><a class=\"yt-core-attributed-string__link yt-core-attributed-string__link--call-to-action-color\" tabindex=\"0\" href=\"https:\/\/www.youtube.com\/hashtag\/anthropologie\" target=\"\">#Anthropologie<\/a><\/span> <span class=\"yt-core-attributed-string--link-inherit-color\" dir=\"auto\"><a class=\"yt-core-attributed-string__link yt-core-attributed-string__link--call-to-action-color\" tabindex=\"0\" href=\"https:\/\/www.youtube.com\/hashtag\/comportementanimal\" target=\"\">#comportementanimal<\/a><\/span> <span class=\"yt-core-attributed-string--link-inherit-color\" dir=\"auto\"><a class=\"yt-core-attributed-string__link yt-core-attributed-string__link--call-to-action-color\" tabindex=\"0\" href=\"https:\/\/www.youtube.com\/hashtag\/%C3%A9thologie\" target=\"\">#\u00e9thologie<\/a><\/span> <span class=\"yt-core-attributed-string--link-inherit-color\" dir=\"auto\"><a class=\"yt-core-attributed-string__link yt-core-attributed-string__link--call-to-action-color\" tabindex=\"0\" href=\"https:\/\/www.youtube.com\/hashtag\/ethologie\" target=\"\">#ethologie<\/a><\/span> <span class=\"yt-core-attributed-string--link-inherit-color\" dir=\"auto\"><a class=\"yt-core-attributed-string__link yt-core-attributed-string__link--call-to-action-color\" tabindex=\"0\" href=\"https:\/\/www.youtube.com\/hashtag\/ethology\" target=\"\">#ethology<\/a><\/span> <span class=\"yt-core-attributed-string--link-inherit-color\" dir=\"auto\"><a class=\"yt-core-attributed-string__link yt-core-attributed-string__link--call-to-action-color\" tabindex=\"0\" href=\"https:\/\/www.youtube.com\/hashtag\/deuil\" target=\"\">#deuil<\/a><\/span> <span class=\"yt-core-attributed-string--link-inherit-color\" dir=\"auto\"><a class=\"yt-core-attributed-string__link yt-core-attributed-string__link--call-to-action-color\" tabindex=\"0\" href=\"https:\/\/www.youtube.com\/hashtag\/deuilchezlesanimaux\" target=\"\">#deuilchezlesanimaux<\/a><\/span> <span class=\"yt-core-attributed-string--link-inherit-color\" dir=\"auto\"><a class=\"yt-core-attributed-string__link yt-core-attributed-string__link--call-to-action-color\" tabindex=\"0\" href=\"https:\/\/www.youtube.com\/hashtag\/empathieanimale\" target=\"\">#empathieanimale<\/a><\/span> <span class=\"yt-core-attributed-string--link-inherit-color\" dir=\"auto\"><a class=\"yt-core-attributed-string__link yt-core-attributed-string__link--call-to-action-color\" tabindex=\"0\" href=\"https:\/\/www.youtube.com\/hashtag\/intelligence%C3%A9motionnelle\" target=\"\">#intelligence\u00e9motionnelle<\/a><\/span> <span class=\"yt-core-attributed-string--link-inherit-color\" dir=\"auto\"><a class=\"yt-core-attributed-string__link yt-core-attributed-string__link--call-to-action-color\" tabindex=\"0\" href=\"https:\/\/www.youtube.com\/hashtag\/animauxdomestiques\" target=\"\">#animauxdomestiques<\/a><\/span> <span class=\"yt-core-attributed-string--link-inherit-color\" dir=\"auto\"><a class=\"yt-core-attributed-string__link yt-core-attributed-string__link--call-to-action-color\" tabindex=\"0\" href=\"https:\/\/www.youtube.com\/hashtag\/animauxsauvages\" target=\"\">#animauxsauvages<\/a><\/span> <span class=\"yt-core-attributed-string--link-inherit-color\" dir=\"auto\"><a class=\"yt-core-attributed-string__link yt-core-attributed-string__link--call-to-action-color\" tabindex=\"0\" href=\"https:\/\/www.youtube.com\/hashtag\/bien%C3%AAtreanimal\" target=\"\">#bien\u00eatreanimal<\/a><\/span> <span class=\"yt-core-attributed-string--link-inherit-color\" dir=\"auto\"><a class=\"yt-core-attributed-string__link yt-core-attributed-string__link--call-to-action-color\" tabindex=\"0\" href=\"https:\/\/www.youtube.com\/hashtag\/bienetreanimal\" target=\"\">#bienetreanimal<\/a><\/span> <span class=\"yt-core-attributed-string--link-inherit-color\" dir=\"auto\"><a class=\"yt-core-attributed-string__link yt-core-attributed-string__link--call-to-action-color\" tabindex=\"0\" href=\"https:\/\/www.youtube.com\/hashtag\/ethique\" target=\"\">#ethique<\/a><\/span><\/p><p>\u00a0<\/p>\t\t\t\t\t\t<\/div>\n\t\t\t\t<\/div>\n\t\t\t\t\t<\/div>\n\t\t<\/div>\n\t\t\t\t\t\t\t<\/div>\n\t\t<\/section>\n\t\t\t\t<section class=\"elementor-section elementor-top-section elementor-element elementor-element-8206f32 elementor-section-boxed elementor-section-height-default elementor-section-height-default\" data-id=\"8206f32\" data-element_type=\"section\">\n\t\t\t\t\t\t<div class=\"elementor-container elementor-column-gap-default\">\n\t\t\t\t\t<div class=\"elementor-column elementor-col-100 elementor-top-column elementor-element elementor-element-133030d\" data-id=\"133030d\" data-element_type=\"column\">\n\t\t\t<div class=\"elementor-widget-wrap\">\n\t\t\t\t\t\t\t\t\t<\/div>\n\t\t<\/div>\n\t\t\t\t\t\t\t<\/div>\n\t\t<\/section>\n\t\t\t\t\t\t<\/div>\n\t\t\t\t\t<\/div>\n\t\t","protected":false},"excerpt":{"rendered":"<p># 39 &#8211; Le chagrin et le deuil chez les animaux \ud83d\udc49 Avez-vous d\u00e9j\u00e0 r\u00e9fl\u00e9chi \u00e0 la mani\u00e8re dont les&#8230;<\/p>\n","protected":false},"author":1,"featured_media":0,"parent":37,"menu_order":0,"comment_status":"closed","ping_status":"closed","template":"","meta":[],"_links":{"self":[{"href":"https:\/\/ainsivalavie.fr\/index.php\/wp-json\/wp\/v2\/pages\/3447"}],"collection":[{"href":"https:\/\/ainsivalavie.fr\/index.php\/wp-json\/wp\/v2\/pages"}],"about":[{"href":"https:\/\/ainsivalavie.fr\/index.php\/wp-json\/wp\/v2\/types\/page"}],"author":[{"embeddable":true,"href":"https:\/\/ainsivalavie.fr\/index.php\/wp-json\/wp\/v2\/users\/1"}],"replies":[{"embeddable":true,"href":"https:\/\/ainsivalavie.fr\/index.php\/wp-json\/wp\/v2\/comments?post=3447"}],"version-history":[{"count":13,"href":"https:\/\/ainsivalavie.fr\/index.php\/wp-json\/wp\/v2\/pages\/3447\/revisions"}],"predecessor-version":[{"id":3773,"href":"https:\/\/ainsivalavie.fr\/index.php\/wp-json\/wp\/v2\/pages\/3447\/revisions\/3773"}],"up":[{"embeddable":true,"href":"https:\/\/ainsivalavie.fr\/index.php\/wp-json\/wp\/v2\/pages\/37"}],"wp:attachment":[{"href":"https:\/\/ainsivalavie.fr\/index.php\/wp-json\/wp\/v2\/media?parent=3447"}],"curies":[{"name":"wp","href":"https:\/\/api.w.org\/{rel}","templated":true}]}}