{"id":2329,"date":"2023-12-05T11:56:26","date_gmt":"2023-12-05T10:56:26","guid":{"rendered":"https:\/\/ainsivalavie.fr\/?page_id=2329"},"modified":"2025-08-22T17:33:47","modified_gmt":"2025-08-22T15:33:47","slug":"280-29","status":"publish","type":"page","link":"https:\/\/ainsivalavie.fr\/index.php\/les-episodes\/280-29\/","title":{"rendered":"# 28 &#8211; La mort n&#8217;est pas ce que l&#8217;on croit"},"content":{"rendered":"\t\t<div data-elementor-type=\"wp-page\" data-elementor-id=\"2329\" class=\"elementor elementor-2329\" data-elementor-settings=\"[]\">\n\t\t\t\t\t\t\t<div class=\"elementor-section-wrap\">\n\t\t\t\t\t\t\t<section class=\"elementor-section elementor-top-section elementor-element elementor-element-6b2b67a elementor-section-boxed elementor-section-height-default elementor-section-height-default\" data-id=\"6b2b67a\" data-element_type=\"section\">\n\t\t\t\t\t\t<div class=\"elementor-container elementor-column-gap-default\">\n\t\t\t\t\t<div class=\"elementor-column elementor-col-100 elementor-top-column elementor-element elementor-element-dfd4de6\" data-id=\"dfd4de6\" data-element_type=\"column\">\n\t\t\t<div class=\"elementor-widget-wrap elementor-element-populated\">\n\t\t\t\t\t\t\t\t<div class=\"elementor-element elementor-element-4d5ca1f elementor-widget elementor-widget-image\" data-id=\"4d5ca1f\" data-element_type=\"widget\" data-widget_type=\"image.default\">\n\t\t\t\t<div class=\"elementor-widget-container\">\n\t\t\t\t\t\t\t\t\t\t\t\t\t\t\t<img width=\"640\" height=\"360\" src=\"https:\/\/ainsivalavie.fr\/wp-content\/uploads\/2025\/08\/21-768x432.png\" class=\"attachment-medium_large size-medium_large\" alt=\"\" loading=\"lazy\" srcset=\"https:\/\/ainsivalavie.fr\/wp-content\/uploads\/2025\/08\/21-768x432.png 768w, https:\/\/ainsivalavie.fr\/wp-content\/uploads\/2025\/08\/21-300x169.png 300w, https:\/\/ainsivalavie.fr\/wp-content\/uploads\/2025\/08\/21-1024x576.png 1024w, https:\/\/ainsivalavie.fr\/wp-content\/uploads\/2025\/08\/21-1536x864.png 1536w, https:\/\/ainsivalavie.fr\/wp-content\/uploads\/2025\/08\/21.png 1920w\" sizes=\"(max-width: 640px) 100vw, 640px\" \/>\t\t\t\t\t\t\t\t\t\t\t\t\t\t\t<\/div>\n\t\t\t\t<\/div>\n\t\t\t\t\t<\/div>\n\t\t<\/div>\n\t\t\t\t\t\t\t<\/div>\n\t\t<\/section>\n\t\t\t\t<section class=\"elementor-section elementor-top-section elementor-element elementor-element-69d6e4a elementor-section-boxed elementor-section-height-default elementor-section-height-default\" data-id=\"69d6e4a\" data-element_type=\"section\">\n\t\t\t\t\t\t<div class=\"elementor-container elementor-column-gap-default\">\n\t\t\t\t\t<div class=\"elementor-column elementor-col-100 elementor-top-column elementor-element elementor-element-f4d8d67\" data-id=\"f4d8d67\" data-element_type=\"column\">\n\t\t\t<div class=\"elementor-widget-wrap elementor-element-populated\">\n\t\t\t\t\t\t\t\t<div class=\"elementor-element elementor-element-d26d8c9 elementor-widget elementor-widget-heading\" data-id=\"d26d8c9\" data-element_type=\"widget\" data-widget_type=\"heading.default\">\n\t\t\t\t<div class=\"elementor-widget-container\">\n\t\t\t<h2 class=\"elementor-heading-title elementor-size-default\"># 28 - La mort n'est pas ce que l'on croit<\/h2>\t\t<\/div>\n\t\t\t\t<\/div>\n\t\t\t\t\t<\/div>\n\t\t<\/div>\n\t\t\t\t\t\t\t<\/div>\n\t\t<\/section>\n\t\t\t\t<section class=\"elementor-section elementor-top-section elementor-element elementor-element-82e6572 elementor-section-boxed elementor-section-height-default elementor-section-height-default\" data-id=\"82e6572\" data-element_type=\"section\">\n\t\t\t\t\t\t<div class=\"elementor-container elementor-column-gap-default\">\n\t\t\t\t\t<div class=\"elementor-column elementor-col-100 elementor-top-column elementor-element elementor-element-91180d5\" data-id=\"91180d5\" data-element_type=\"column\">\n\t\t\t<div class=\"elementor-widget-wrap elementor-element-populated\">\n\t\t\t\t\t\t\t\t<div class=\"elementor-element elementor-element-ea0b67f elementor-widget elementor-widget-text-editor\" data-id=\"ea0b67f\" data-element_type=\"widget\" data-widget_type=\"text-editor.default\">\n\t\t\t\t<div class=\"elementor-widget-container\">\n\t\t\t\t\t\t\t\t<iframe allow=\"autoplay *; encrypted-media *; fullscreen *; clipboard-write\" frameborder=\"0\" height=\"175\" style=\"width:100%;max-width:660px;overflow:hidden;border-radius:10px;\" sandbox=\"allow-forms allow-popups allow-same-origin allow-scripts allow-storage-access-by-user-activation allow-top-navigation-by-user-activation\" src=\"https:\/\/embed.podcasts.apple.com\/fr\/podcast\/28-la-mort-nest-pas-ce-que-lon-croit\/id1570506833?i=1000637638449\"><\/iframe>\t\t\t\t\t\t<\/div>\n\t\t\t\t<\/div>\n\t\t\t\t\t<\/div>\n\t\t<\/div>\n\t\t\t\t\t\t\t<\/div>\n\t\t<\/section>\n\t\t\t\t<section class=\"elementor-section elementor-top-section elementor-element elementor-element-c04925c elementor-section-boxed elementor-section-height-default elementor-section-height-default\" data-id=\"c04925c\" data-element_type=\"section\">\n\t\t\t\t\t\t<div class=\"elementor-container elementor-column-gap-default\">\n\t\t\t\t\t<div class=\"elementor-column elementor-col-100 elementor-top-column elementor-element elementor-element-0677442\" data-id=\"0677442\" data-element_type=\"column\">\n\t\t\t<div class=\"elementor-widget-wrap elementor-element-populated\">\n\t\t\t\t\t\t\t\t<div class=\"elementor-element elementor-element-8ed5dc9 elementor-widget elementor-widget-text-editor\" data-id=\"8ed5dc9\" data-element_type=\"widget\" data-widget_type=\"text-editor.default\">\n\t\t\t\t<div class=\"elementor-widget-container\">\n\t\t\t\t\t\t\t\t<p><strong>Avez-vous d\u00e9j\u00e0 ressenti cette intuition profonde que la mort n&#8217;est pas une fin, mais un passage vers un autre monde ?<\/strong><\/p><p>Cet \u00e9pisode nous invite \u00e0 explorer cette question vertigineuse avec mon invit\u00e9, St\u00e9phane Allix.<\/p><p>Ancien reporter de guerre, St\u00e9phane Allix a vu sa vie basculer apr\u00e8s la mort de son fr\u00e8re en Afghanistan.<\/p><p>Cette \u00e9preuve l&#8217;a propuls\u00e9 dans une qu\u00eate de sens autour de la mort et de la conscience, aboutissant \u00e0 15 ans d&#8217;enqu\u00eates et d&#8217;exp\u00e9riences.<\/p><p>Il nous partage son parcours dans son livre &#8220;<strong>La mort n&#8217;existe pas<\/strong>&#8221; dans lequel il d\u00e9voile ses d\u00e9couvertes et sa transformation personnelle.<\/p><p>Dans cet \u00e9pisode du podcast &#8220;<em>Ainsi va la vie<\/em>&#8220;, St\u00e9phane nous fait part de ses r\u00e9flexions sur la conscience et la vie apr\u00e8s la mort.<\/p><p>Non pas comme des croyances mais comme une r\u00e9alit\u00e9 \u00e9tay\u00e9e \u00e0 la fois par des \u00e9tudes scientifiques internationales et \u00e9galement\u00a0 par ses propres exp\u00e9riences. Il aborde l&#8217;impact de cette perspective sur notre vie quotidienne, notamment sur le deuil et notre rapport \u00e0 l&#8217;intuition.<\/p><p>Sa d\u00e9marche rigoureuse et son approche m\u00e9thodique offrent un regard \u00e9clairant et \u00e9galement apais\u00e9 sur ces sujets qui nous touchent toutes et tous.<\/p><p>Rejoignez-nous pour cette conversation profonde qui promet de changer votre vision de la vie&#8230; et de la mort.<\/p><figure id=\"attachment_2332\" aria-describedby=\"caption-attachment-2332\" style=\"width: 144px\" class=\"wp-caption aligncenter\"><img loading=\"lazy\" class=\"wp-image-2332\" src=\"https:\/\/ainsivalavie.fr\/wp-content\/uploads\/2023\/12\/content-205x300.jpg\" alt=\"La mort n'existe pas de St\u00e9phane Allix\" width=\"144\" height=\"211\" srcset=\"https:\/\/ainsivalavie.fr\/wp-content\/uploads\/2023\/12\/content-205x300.jpg 205w, https:\/\/ainsivalavie.fr\/wp-content\/uploads\/2023\/12\/content-699x1024.jpg 699w, https:\/\/ainsivalavie.fr\/wp-content\/uploads\/2023\/12\/content-768x1124.jpg 768w, https:\/\/ainsivalavie.fr\/wp-content\/uploads\/2023\/12\/content-1049x1536.jpg 1049w, https:\/\/ainsivalavie.fr\/wp-content\/uploads\/2023\/12\/content.jpg 1280w\" sizes=\"(max-width: 144px) 100vw, 144px\" \/><figcaption id=\"caption-attachment-2332\" class=\"wp-caption-text\">La mort n&#8217;existe pas<br \/>Editions Harper Collins<\/figcaption><\/figure>\t\t\t\t\t\t<\/div>\n\t\t\t\t<\/div>\n\t\t\t\t\t<\/div>\n\t\t<\/div>\n\t\t\t\t\t\t\t<\/div>\n\t\t<\/section>\n\t\t\t\t\t\t<\/div>\n\t\t\t\t\t<\/div>\n\t\t","protected":false},"excerpt":{"rendered":"<p># 28 &#8211; La mort n&#8217;est pas ce que l&#8217;on croit Avez-vous d\u00e9j\u00e0 ressenti cette intuition profonde que la mort&#8230;<\/p>\n","protected":false},"author":1,"featured_media":0,"parent":37,"menu_order":0,"comment_status":"closed","ping_status":"closed","template":"","meta":[],"_links":{"self":[{"href":"https:\/\/ainsivalavie.fr\/index.php\/wp-json\/wp\/v2\/pages\/2329"}],"collection":[{"href":"https:\/\/ainsivalavie.fr\/index.php\/wp-json\/wp\/v2\/pages"}],"about":[{"href":"https:\/\/ainsivalavie.fr\/index.php\/wp-json\/wp\/v2\/types\/page"}],"author":[{"embeddable":true,"href":"https:\/\/ainsivalavie.fr\/index.php\/wp-json\/wp\/v2\/users\/1"}],"replies":[{"embeddable":true,"href":"https:\/\/ainsivalavie.fr\/index.php\/wp-json\/wp\/v2\/comments?post=2329"}],"version-history":[{"count":23,"href":"https:\/\/ainsivalavie.fr\/index.php\/wp-json\/wp\/v2\/pages\/2329\/revisions"}],"predecessor-version":[{"id":3737,"href":"https:\/\/ainsivalavie.fr\/index.php\/wp-json\/wp\/v2\/pages\/2329\/revisions\/3737"}],"up":[{"embeddable":true,"href":"https:\/\/ainsivalavie.fr\/index.php\/wp-json\/wp\/v2\/pages\/37"}],"wp:attachment":[{"href":"https:\/\/ainsivalavie.fr\/index.php\/wp-json\/wp\/v2\/media?parent=2329"}],"curies":[{"name":"wp","href":"https:\/\/api.w.org\/{rel}","templated":true}]}}