{"id":2219,"date":"2023-10-19T08:56:48","date_gmt":"2023-10-19T06:56:48","guid":{"rendered":"https:\/\/ainsivalavie.fr\/?page_id=2219"},"modified":"2025-08-22T17:32:58","modified_gmt":"2025-08-22T15:32:58","slug":"280-28","status":"publish","type":"page","link":"https:\/\/ainsivalavie.fr\/index.php\/les-episodes\/280-28\/","title":{"rendered":"# 27 &#8211; Deuil p\u00e9rinatal : Ressources pour les parents endeuill\u00e9s et pour leurs proches"},"content":{"rendered":"\t\t<div data-elementor-type=\"wp-page\" data-elementor-id=\"2219\" class=\"elementor elementor-2219\" data-elementor-settings=\"[]\">\n\t\t\t\t\t\t\t<div class=\"elementor-section-wrap\">\n\t\t\t\t\t\t\t<section class=\"elementor-section elementor-top-section elementor-element elementor-element-85c58b0 elementor-section-boxed elementor-section-height-default elementor-section-height-default\" data-id=\"85c58b0\" data-element_type=\"section\">\n\t\t\t\t\t\t<div class=\"elementor-container elementor-column-gap-default\">\n\t\t\t\t\t<div class=\"elementor-column elementor-col-100 elementor-top-column elementor-element elementor-element-3c6a807\" data-id=\"3c6a807\" data-element_type=\"column\">\n\t\t\t<div class=\"elementor-widget-wrap elementor-element-populated\">\n\t\t\t\t\t\t\t\t<div class=\"elementor-element elementor-element-9431e25 elementor-widget elementor-widget-image\" data-id=\"9431e25\" data-element_type=\"widget\" data-widget_type=\"image.default\">\n\t\t\t\t<div class=\"elementor-widget-container\">\n\t\t\t\t\t\t\t\t\t\t\t\t\t\t\t<img width=\"640\" height=\"360\" src=\"https:\/\/ainsivalavie.fr\/wp-content\/uploads\/2025\/08\/22-768x432.png\" class=\"attachment-medium_large size-medium_large\" alt=\"\" loading=\"lazy\" srcset=\"https:\/\/ainsivalavie.fr\/wp-content\/uploads\/2025\/08\/22-768x432.png 768w, https:\/\/ainsivalavie.fr\/wp-content\/uploads\/2025\/08\/22-300x169.png 300w, https:\/\/ainsivalavie.fr\/wp-content\/uploads\/2025\/08\/22-1024x576.png 1024w, https:\/\/ainsivalavie.fr\/wp-content\/uploads\/2025\/08\/22-1536x864.png 1536w, https:\/\/ainsivalavie.fr\/wp-content\/uploads\/2025\/08\/22.png 1920w\" sizes=\"(max-width: 640px) 100vw, 640px\" \/>\t\t\t\t\t\t\t\t\t\t\t\t\t\t\t<\/div>\n\t\t\t\t<\/div>\n\t\t\t\t\t<\/div>\n\t\t<\/div>\n\t\t\t\t\t\t\t<\/div>\n\t\t<\/section>\n\t\t\t\t<section class=\"elementor-section elementor-top-section elementor-element elementor-element-4b227de elementor-section-boxed elementor-section-height-default elementor-section-height-default\" data-id=\"4b227de\" data-element_type=\"section\">\n\t\t\t\t\t\t<div class=\"elementor-container elementor-column-gap-default\">\n\t\t\t\t\t<div class=\"elementor-column elementor-col-100 elementor-top-column elementor-element elementor-element-917c558\" data-id=\"917c558\" data-element_type=\"column\">\n\t\t\t<div class=\"elementor-widget-wrap elementor-element-populated\">\n\t\t\t\t\t\t\t\t<div class=\"elementor-element elementor-element-5fd25d0 elementor-widget elementor-widget-heading\" data-id=\"5fd25d0\" data-element_type=\"widget\" data-widget_type=\"heading.default\">\n\t\t\t\t<div class=\"elementor-widget-container\">\n\t\t\t<h2 class=\"elementor-heading-title elementor-size-default\"># 27 - Deuil p\u00e9rinatal : Ressources pour les parents endeuill\u00e9s et pour leurs proches<\/h2>\t\t<\/div>\n\t\t\t\t<\/div>\n\t\t\t\t\t<\/div>\n\t\t<\/div>\n\t\t\t\t\t\t\t<\/div>\n\t\t<\/section>\n\t\t\t\t<section class=\"elementor-section elementor-top-section elementor-element elementor-element-771a8b7 elementor-section-boxed elementor-section-height-default elementor-section-height-default\" data-id=\"771a8b7\" data-element_type=\"section\">\n\t\t\t\t\t\t<div class=\"elementor-container elementor-column-gap-default\">\n\t\t\t\t\t<div class=\"elementor-column elementor-col-100 elementor-top-column elementor-element elementor-element-cb15afc\" data-id=\"cb15afc\" data-element_type=\"column\">\n\t\t\t<div class=\"elementor-widget-wrap elementor-element-populated\">\n\t\t\t\t\t\t\t\t<div class=\"elementor-element elementor-element-965eb0a elementor-widget elementor-widget-text-editor\" data-id=\"965eb0a\" data-element_type=\"widget\" data-widget_type=\"text-editor.default\">\n\t\t\t\t<div class=\"elementor-widget-container\">\n\t\t\t\t\t\t\t\t<iframe allow=\"autoplay *; encrypted-media *; fullscreen *; clipboard-write\" frameborder=\"0\" height=\"175\" style=\"width:100%;max-width:660px;overflow:hidden;border-radius:10px;\" sandbox=\"allow-forms allow-popups allow-same-origin allow-scripts allow-storage-access-by-user-activation allow-top-navigation-by-user-activation\" src=\"https:\/\/embed.podcasts.apple.com\/fr\/podcast\/27-deuil-p%C3%A9rinatal-ressources-pour-les-parents-et-les\/id1570506833?i=1000632001072\"><\/iframe>\t\t\t\t\t\t<\/div>\n\t\t\t\t<\/div>\n\t\t\t\t\t<\/div>\n\t\t<\/div>\n\t\t\t\t\t\t\t<\/div>\n\t\t<\/section>\n\t\t\t\t<section class=\"elementor-section elementor-top-section elementor-element elementor-element-8e2fe66 elementor-section-boxed elementor-section-height-default elementor-section-height-default\" data-id=\"8e2fe66\" data-element_type=\"section\">\n\t\t\t\t\t\t<div class=\"elementor-container elementor-column-gap-default\">\n\t\t\t\t\t<div class=\"elementor-column elementor-col-100 elementor-top-column elementor-element elementor-element-94ad61a\" data-id=\"94ad61a\" data-element_type=\"column\">\n\t\t\t<div class=\"elementor-widget-wrap elementor-element-populated\">\n\t\t\t\t\t\t\t\t<div class=\"elementor-element elementor-element-cb68e12 elementor-widget elementor-widget-text-editor\" data-id=\"cb68e12\" data-element_type=\"widget\" data-widget_type=\"text-editor.default\">\n\t\t\t\t<div class=\"elementor-widget-container\">\n\t\t\t\t\t\t\t\t<p class=\"Type__TypeElement-sc-goli3j-0 idfSAh\" data-slate-node=\"element\" data-encore-id=\"type\"><strong><span class=\"sc-cfJLRR dbFiWF\" data-slate-leaf=\"true\">Le deuil p\u00e9rinatal touche environ 8.000 familles chaque ann\u00e9e. <\/span><\/strong><\/p>\n<p class=\"Type__TypeElement-sc-goli3j-0 idfSAh\" data-slate-node=\"element\" data-encore-id=\"type\"><strong><span class=\"sc-cfJLRR dbFiWF\" data-slate-leaf=\"true\">C&#8217;est un deuil encore mal compris par les proches, les amis, les coll\u00e8gues. <\/span><\/strong><\/p>\n<p class=\"Type__TypeElement-sc-goli3j-0 idfSAh\" data-slate-node=\"element\" data-encore-id=\"type\"><span data-slate-node=\"text\"><span class=\"sc-cfJLRR dbFiWF\" data-slate-leaf=\"true\">Trop souvent, <strong>l\u2019entourage est mal \u00e0 l\u2019aise ne sachant ni quoi dire ni quoi faire ni comment s\u2019y prendre.<\/strong> Au chagrin abyssal des parents, peut s\u2019ajouter la douleur de l\u2019isolement. <\/span><\/span><\/p>\n<p class=\"Type__TypeElement-sc-goli3j-0 idfSAh\" data-slate-node=\"element\" data-encore-id=\"type\"><span data-slate-node=\"text\"><span class=\"sc-cfJLRR dbFiWF\" data-slate-leaf=\"true\">Dans cet \u00e9pisode, H\u00e9l\u00e8ne G\u00e9rin (autrice du livre \u00ab\u00a0dans ces moments-l\u00e0\u00a0\u00bb) nous partage <strong>des id\u00e9es concr\u00e8tes pour aider les parents \u00e0 y voir plus clair et pour permettre aux proches de mieux les comprendre et de mieux les soutenir<\/strong>.<\/span><\/span><\/p>\n<p class=\"Type__TypeElement-sc-goli3j-0 idfSAh\" data-slate-node=\"element\" data-encore-id=\"type\"><span data-slate-node=\"text\"><span class=\"sc-cfJLRR dbFiWF\" data-slate-leaf=\"true\">H\u00e9l\u00e8ne nous \u00e9claire \u00e9galement sur <strong>le retour au travail des parents<\/strong> d\u00e9senfant\u00e9s et comment les employeurs pourraient favoriser une reprise plus douce et compr\u00e9hensive.<\/span><\/span><\/p>\n<p class=\"Type__TypeElement-sc-goli3j-0 idfSAh\" data-slate-node=\"element\" data-encore-id=\"type\"><span data-slate-node=\"text\"><span class=\"sc-cfJLRR dbFiWF\" data-slate-leaf=\"true\">En bonus : <strong>La pratique Ho&#8217;oponopono<\/strong> pour trouver un peu de paix int\u00e9rieure.<\/span><\/span><\/p>\n<p class=\"Type__TypeElement-sc-goli3j-0 idfSAh\" data-slate-node=\"element\" data-encore-id=\"type\"><span data-slate-node=\"text\"><span class=\"sc-cfJLRR dbFiWF\" data-slate-leaf=\"true\"><em>\u00ab\u00a0A l\u2019inverse d\u2019autres deuil, le deuil p\u00e9r<\/em><\/span><\/span><span data-slate-node=\"text\"><span class=\"sc-cfJLRR dbFiWF\" data-slate-leaf=\"true\"><em>inatal est un deuil de l\u2019avenir, pas du pass\u00e9\u00a0\u00bb<\/em><\/span><\/span><\/p>\n<p data-slate-node=\"element\" data-encore-id=\"type\"><img loading=\"lazy\" class=\"wp-image-2227 aligncenter\" src=\"https:\/\/ainsivalavie.fr\/wp-content\/uploads\/2023\/10\/Dans-ces-moments-la-300x300.jpg\" alt=\"\" width=\"254\" height=\"254\" srcset=\"https:\/\/ainsivalavie.fr\/wp-content\/uploads\/2023\/10\/Dans-ces-moments-la-300x300.jpg 300w, https:\/\/ainsivalavie.fr\/wp-content\/uploads\/2023\/10\/Dans-ces-moments-la-150x150.jpg 150w, https:\/\/ainsivalavie.fr\/wp-content\/uploads\/2023\/10\/Dans-ces-moments-la.jpg 340w\" sizes=\"(max-width: 254px) 100vw, 254px\" \/><\/p>\n<p class=\"Type__TypeElement-sc-goli3j-0 idfSAh\" data-slate-node=\"element\" data-encore-id=\"type\"><span data-slate-node=\"text\"><span class=\"sc-cfJLRR dbFiWF\" data-slate-leaf=\"true\"> \ud83d\udc49 Livre \u00ab Dans ces moments-l\u00e0 \u00bb (Edition mille et une p\u00e9pites)<\/span><\/span><\/p>\n<p class=\"Type__TypeElement-sc-goli3j-0 idfSAh\" data-slate-node=\"element\" data-encore-id=\"type\"><span data-slate-node=\"text\"><span class=\"sc-cfJLRR dbFiWF\" data-slate-leaf=\"true\">\ud83d\udc49 Ressources gratuites sur le site\u00a0<a href=\"http:\/\/\u2060https:\/\/www.danscesmomentsla.com\" rel=\"nofollow\">https:\/\/www.danscesmomentsla.com<\/a><\/span><\/span><\/p>\n<p class=\"Type__TypeElement-sc-goli3j-0 idfSAh\" data-slate-node=\"element\" data-encore-id=\"type\"><span data-slate-node=\"text\"><span class=\"sc-cfJLRR dbFiWF\" data-slate-leaf=\"true\">\u25ba RESEAUX SOCIAUX<\/span><\/span><\/p>\n<p class=\"Type__TypeElement-sc-goli3j-0 idfSAh\" data-slate-node=\"element\" data-encore-id=\"type\"><span data-slate-node=\"text\"><span class=\"sc-cfJLRR dbFiWF\" data-slate-leaf=\"true\">\ud83d\udc49 Instagram : <\/span><\/span><a class=\"Link-sc-k8gsk-0 lmpnRj sc-emDsmM cfKbVX\" href=\"@ainsivalavie.podcast\" data-slate-node=\"element\" data-slate-inline=\"true\" data-encore-id=\"textLink\"><span contenteditable=\"false\">\u2060<\/span><span data-slate-node=\"text\"><span class=\"sc-cfJLRR dbFiWF\" data-slate-leaf=\"true\">\u2060@ainsivalavie.podcast\u2060<\/span><\/span><span contenteditable=\"false\">\u2060<\/span><\/a><\/p>\n<p class=\"Type__TypeElement-sc-goli3j-0 idfSAh\" data-slate-node=\"element\" data-encore-id=\"type\"><span data-slate-node=\"text\"><span class=\"sc-cfJLRR dbFiWF\" data-slate-leaf=\"true\">\ud83d\udc49 Facebook : ainsivalaviepodcast<\/span><\/span><\/p>\n<p class=\"Type__TypeElement-sc-goli3j-0 idfSAh\" data-slate-node=\"element\" data-encore-id=\"type\"><span data-slate-node=\"text\"><span class=\"sc-cfJLRR dbFiWF\" data-slate-leaf=\"true\">\u25ba SITES INTERNET<\/span><\/span><\/p>\n<p class=\"Type__TypeElement-sc-goli3j-0 idfSAh\" data-slate-node=\"element\" data-encore-id=\"type\"><span data-slate-node=\"text\"><span class=\"sc-cfJLRR dbFiWF\" data-slate-leaf=\"true\">\ud83d\udc49 <\/span><\/span><a class=\"Link-sc-k8gsk-0 lmpnRj sc-emDsmM cfKbVX\" href=\"https:\/\/ainsivalavie.fr\" data-slate-node=\"element\" data-slate-inline=\"true\" data-encore-id=\"textLink\"><span contenteditable=\"false\">\u2060<\/span><span data-slate-node=\"text\"><span class=\"sc-cfJLRR dbFiWF\" data-slate-leaf=\"true\">\u2060https:\/\/ainsivalavie.fr\u2060<\/span><\/span><span contenteditable=\"false\">\u2060<\/span><\/a><\/p>\n<p class=\"Type__TypeElement-sc-goli3j-0 idfSAh\" data-slate-node=\"element\" data-encore-id=\"type\"><span data-slate-node=\"text\"><span class=\"sc-cfJLRR dbFiWF\" data-slate-leaf=\"true\">Retrouvez mes soins et accompagnements<\/span><\/span><\/p>\n<p class=\"Type__TypeElement-sc-goli3j-0 idfSAh\" data-slate-node=\"element\" data-encore-id=\"type\"><span data-slate-node=\"text\"><span class=\"sc-cfJLRR dbFiWF\" data-slate-leaf=\"true\">\ud83d\udc49 <\/span><\/span><a class=\"Link-sc-k8gsk-0 lmpnRj sc-emDsmM cfKbVX\" href=\"https:\/\/www.gaelle-guiny.com\" data-slate-node=\"element\" data-slate-inline=\"true\" data-encore-id=\"textLink\"><span contenteditable=\"false\">\u2060<\/span><span data-slate-node=\"text\"><span class=\"sc-cfJLRR dbFiWF\" data-slate-leaf=\"true\">\u2060https:\/\/www.gaelle-guiny.com\u2060<\/span><\/span><\/a><\/p>\n<p class=\"Type__TypeElement-sc-goli3j-0 idfSAh\" data-slate-node=\"element\" data-encore-id=\"type\"><a class=\"Link-sc-k8gsk-0 lmpnRj sc-emDsmM cfKbVX\" href=\"https:\/\/www.gaelle-guiny.com\" data-slate-node=\"element\" data-slate-inline=\"true\" data-encore-id=\"textLink\"><span contenteditable=\"false\">\u2060<\/span><\/a><\/p>\n<p class=\"Type__TypeElement-sc-goli3j-0 idfSAh\" data-slate-node=\"element\" data-encore-id=\"type\"><span data-slate-node=\"text\"><span class=\"sc-cfJLRR dbFiWF\" data-slate-leaf=\"true\"><span style=\"text-decoration: underline;\">cr\u00e9dits musique<\/span> :<\/span><\/span><\/p>\n<p class=\"Type__TypeElement-sc-goli3j-0 idfSAh\" data-slate-node=\"element\" data-encore-id=\"type\"><em><span class=\"sc-cfJLRR dbFiWF\" data-slate-leaf=\"true\">Flourish by Purrple Cat<\/span><\/em><\/p>\n<p class=\"Type__TypeElement-sc-goli3j-0 idfSAh\" data-slate-node=\"element\" data-encore-id=\"type\"><em><span class=\"sc-cfJLRR dbFiWF\" data-slate-leaf=\"true\">https:\/\/purrplecat.com &#8211; Music promoted by https:\/\/www.free-stock-music.comCreative Commons Attribution-ShareAlike 3.0 Unported &#8211; https:\/\/creativecommons.org\/licenses\/.. .<\/span><\/em><\/p>\n<p class=\"Type__TypeElement-sc-goli3j-0 idfSAh\" data-slate-node=\"element\" data-encore-id=\"type\" data-slate-fragment=\"JTVCJTdCJTIydHlwZSUyMiUzQSUyMnBhcmFncmFwaCUyMiUyQyUyMmNoaWxkcmVuJTIyJTNBJTVCJTdCJTIydGV4dCUyMiUzQSUyMkxlJTIwZGV1aWwlMjBwJUMzJUE5cmluYXRhbCUyMGVzdCUyMGVuY29yZSUyMG1hbCUyMGNvbXByaXMlMjBwYXIlMjBsYSUyMGZhbWlsbGUlMkMlMjBsZXMlMjBhbWlzJTJDJTIwbGVzJTIwY29sbCVDMyVBOGd1ZXMuJTIwJTIyJTdEJTVEJTdEJTJDJTdCJTIydHlwZSUyMiUzQSUyMnBhcmFncmFwaCUyMiUyQyUyMmNoaWxkcmVuJTIyJTNBJTVCJTdCJTIydGV4dCUyMiUzQSUyMlRyb3AlMjBzb3V2ZW50JTJDJTIwbCVFMiU4MCU5OWVudG91cmFnZSUyMGVzdCUyMG1hbCUyMCVDMyVBMCUyMGwlRTIlODAlOTlhaXNlJTIwbmUlMjBzYWNoYW50JTIwbmklMjBxdW9pJTIwZGlyZSUyMG5pJTIwcXVvaSUyMGZhaXJlJTIwbmklMjBjb21tZW50JTIwcyVFMiU4MCU5OXklMjBwcmVuZHJlLiUyMEF1JTIwY2hhZ3JpbiUyMGFieXNzYWwlMjBkZXMlMjBwYXJlbnRzJTJDJTIwcGV1dCUyMHMlRTIlODAlOTlham91dGVyJTIwbGElMjBkb3VsZXVyJTIwZGUlMjBsJUUyJTgwJTk5aXNvbGVtZW50LiUyMCUyMiU3RCU1RCU3RCUyQyU3QiUyMnR5cGUlMjIlM0ElMjJwYXJhZ3JhcGglMjIlMkMlMjJjaGlsZHJlbiUyMiUzQSU1QiU3QiUyMnRleHQlMjIlM0ElMjJEYW5zJTIwY2V0JTIwJUMzJUE5cGlzb2RlJTJDJTIwSCVDMyVBOWwlQzMlQThuZSUyMEclQzMlQTlyaW4lMjAoYXV0cmljZSUyMGR1JTIwbGl2cmUlMjAlQzIlQUIlQzIlQTBkYW5zJTIwY2VzJTIwbW9tZW50cy1sJUMzJUEwJUMyJUEwJUMyJUJCKSUyMG5vdXMlMjBwYXJ0YWdlJTIwZGVzJTIwaWQlQzMlQTllcyUyMGNvbmNyJUMzJUE4dGVzJTIwcG91ciUyMGFpZGVyJTIwbGVzJTIwcGFyZW50cyUyMCVDMyVBMCUyMHklMjB2b2lyJTIwcGx1cyUyMGNsYWlyJTIwZXQlMjBwb3VyJTIwcGVybWV0dHJlJTIwYXV4JTIwcHJvY2hlcyUyMGRlJTIwbWlldXglMjBsZXMlMjBjb21wcmVuZHJlJTIwZXQlMjBkZSUyMG1pZXV4JTIwbGVzJTIwc291dGVuaXIuJTIyJTdEJTVEJTdEJTJDJTdCJTIydHlwZSUyMiUzQSUyMnBhcmFncmFwaCUyMiUyQyUyMmNoaWxkcmVuJTIyJTNBJTVCJTdCJTIydGV4dCUyMiUzQSUyMkglQzMlQTlsJUMzJUE4bmUlMjBub3VzJTIwJUMzJUE5Y2xhaXJlJTIwJUMzJUE5Z2FsZW1lbnQlMjBzdXIlMjBsZSUyMHJldG91ciUyMGF1JTIwdHJhdmFpbCUyMGRlcyUyMHBhcmVudHMlMjBkJUMzJUE5c2VuZmFudCVDMyVBOXMlMjBldCUyMGNvbW1lbnQlMjBsZXMlMjBlbXBsb3lldXJzJTIwcG91cnJhaWVudCUyMGZhdm9yaXNlciUyMHVuZSUyMHJlcHJpc2UlMjBwbHVzJTIwZG91Y2UlMjBldCUyMGNvbXByJUMzJUE5aGVuc2l2ZS4lMjIlN0QlNUQlN0QlMkMlN0IlMjJ0eXBlJTIyJTNBJTIycGFyYWdyYXBoJTIyJTJDJTIyY2hpbGRyZW4lMjIlM0ElNUIlN0IlMjJ0ZXh0JTIyJTNBJTIyRW4lMjBib251cyUyMCUzQSUyMExhJTIwcHJhdGlxdWUlMjBIbydvcG9ub3Bvbm8lMjBwb3VyJTIwdHJvdXZlciUyMHVuJTIwcGV1JTIwZGUlMjBwYWl4JTIwaW50JUMzJUE5cmlldXJlLiUyMiU3RCU1RCU3RCUyQyU3QiUyMnR5cGUlMjIlM0ElMjJwYXJhZ3JhcGglMjIlMkMlMjJjaGlsZHJlbiUyMiUzQSU1QiU3QiUyMnRleHQlMjIlM0ElMjIlMjIlN0QlNUQlN0QlMkMlN0IlMjJ0eXBlJTIyJTNBJTIycGFyYWdyYXBoJTIyJTJDJTIyY2hpbGRyZW4lMjIlM0ElNUIlN0IlMjJ0ZXh0JTIyJTNBJTIyJUMyJUFCJUMyJUEwQSUyMGwlRTIlODAlOTlpbnZlcnNlJTIwZCVFMiU4MCU5OWF1dHJlcyUyMGRldWlsJTJDJTIwbGUlMjBkZXVpbCUyMHAlQzMlQTlyaW5hdGFsJTIwZXN0JTIwdW4lMjBkZXVpbCUyMGRlJTIwbCVFMiU4MCU5OWF2ZW5pciUyQyUyMHBhcyUyMGR1JTIwcGFzcyVDMyVBOSVDMiVBMCVDMiVCQiUyMiUyQyUyMml0YWxpYyUyMiUzQXRydWUlN0QlNUQlN0QlMkMlN0IlMjJ0eXBlJTIyJTNBJTIycGFyYWdyYXBoJTIyJTJDJTIyY2hpbGRyZW4lMjIlM0ElNUIlN0IlMjJ0ZXh0JTIyJTNBJTIyJTIyJTdEJTVEJTdEJTJDJTdCJTIydHlwZSUyMiUzQSUyMnBhcmFncmFwaCUyMiUyQyUyMmNoaWxkcmVuJTIyJTNBJTVCJTdCJTIydGV4dCUyMiUzQSUyMiU1Q24lRjAlOUYlOTElODklMjBMaXZyZSUyMCVDMiVBQiVDMiVBMERhbnMlMjBjZXMlMjBtb21lbnRzLWwlQzMlQTAlQzIlQTAlQzIlQkIlMjAoRWRpdGlvbiUyMG1pbGxlJTIwZXQlMjB1bmUlMjBwJUMzJUE5cGl0ZXMpJTIwZXQlMjByZXNzb3VyY2VzJTIwZ3JhdHVpdGVzJTIwc3VyJTIwbGUlMjBzaXRlJTIwJTIyJTdEJTJDJTdCJTIydHlwZSUyMiUzQSUyMmxpbmslMjIlMkMlMjJ1cmwlMjIlM0ElMjJodHRwcyUzQSUyRiUyRnd3dy5kYW5zY2VzbW9tZW50c2xhLmNvbSUyMiUyQyUyMnRhcmdldCUyMiUzQW51bGwlMkMlMjJyZWwlMjIlM0FudWxsJTJDJTIyY2hpbGRyZW4lMjIlM0ElNUIlN0IlMjJ0ZXh0JTIyJTNBJTIyaHR0cHMlM0ElMkYlMkZ3d3cuZGFuc2Nlc21vbWVudHNsYS5jb20lMjIlN0QlNUQlN0QlNUQlN0QlMkMlN0IlMjJ0eXBlJTIyJTNBJTIycGFyYWdyYXBoJTIyJTJDJTIyY2hpbGRyZW4lMjIlM0ElNUIlN0IlMjJ0ZXh0JTIyJTNBJTIyJTIyJTdEJTVEJTdEJTJDJTdCJTIydHlwZSUyMiUzQSUyMnBhcmFncmFwaCUyMiUyQyUyMmNoaWxkcmVuJTIyJTNBJTVCJTdCJTIydGV4dCUyMiUzQSUyMiVFMiU5NiVCQSUyMFJFU0VBVVglMjBTT0NJQVVYJTIyJTdEJTVEJTdEJTJDJTdCJTIydHlwZSUyMiUzQSUyMnBhcmFncmFwaCUyMiUyQyUyMmNoaWxkcmVuJTIyJTNBJTVCJTdCJTIydGV4dCUyMiUzQSUyMiVGMCU5RiU5MSU4OSUyMEluc3RhZ3JhbSUyMCUzQSUyMCUyMiU3RCUyQyU3QiUyMnR5cGUlMjIlM0ElMjJsaW5rJTIyJTJDJTIydXJsJTIyJTNBJTIyJTQwYWluc2l2YWxhdmllLnBvZGNhc3QlMjIlMkMlMjJ0YXJnZXQlMjIlM0FudWxsJTJDJTIycmVsJTIyJTNBbnVsbCUyQyUyMmNoaWxkcmVuJTIyJTNBJTVCJTdCJTIydGV4dCUyMiUzQSUyMiVFMiU4MSVBMCU0MGFpbnNpdmFsYXZpZS5wb2RjYXN0JUUyJTgxJUEwJTIyJTdEJTVEJTdEJTVEJTdEJTJDJTdCJTIydHlwZSUyMiUzQSUyMnBhcmFncmFwaCUyMiUyQyUyMmNoaWxkcmVuJTIyJTNBJTVCJTdCJTIydGV4dCUyMiUzQSUyMiVGMCU5RiU5MSU4OSUyMEZhY2Vib29rJTIwJTNBJTIwaHR0cHMlM0ElMkYlMkZ3d3cuZmFjZWJvb2suY29tJTJGYWluc2l2YWxhdmllLi4lMjAuJTIyJTdEJTVEJTdEJTJDJTdCJTIydHlwZSUyMiUzQSUyMnBhcmFncmFwaCUyMiUyQyUyMmNoaWxkcmVuJTIyJTNBJTVCJTdCJTIydGV4dCUyMiUzQSUyMiUyMiU3RCU1RCU3RCUyQyU3QiUyMnR5cGUlMjIlM0ElMjJwYXJhZ3JhcGglMjIlMkMlMjJjaGlsZHJlbiUyMiUzQSU1QiU3QiUyMnRleHQlMjIlM0ElMjIlRTIlOTYlQkElMjBTSVRFUyUyMElOVEVSTkVUJTIyJTdEJTVEJTdEJTJDJTdCJTIydHlwZSUyMiUzQSUyMnBhcmFncmFwaCUyMiUyQyUyMmNoaWxkcmVuJTIyJTNBJTVCJTdCJTIydGV4dCUyMiUzQSUyMiVGMCU5RiU5MSU4OSUyMCUyMiU3RCUyQyU3QiUyMnR5cGUlMjIlM0ElMjJsaW5rJTIyJTJDJTIydXJsJTIyJTNBJTIyaHR0cHMlM0ElMkYlMkZ3d3cuYWluc2l2YWxhdmllLmZyJTIyJTJDJTIydGFyZ2V0JTIyJTNBbnVsbCUyQyUyMnJlbCUyMiUzQW51bGwlMkMlMjJjaGlsZHJlbiUyMiUzQSU1QiU3QiUyMnRleHQlMjIlM0ElMjIlRTIlODElQTBodHRwcyUzQSUyRiUyRnd3dy5haW5zaXZhbGF2aWUuZnIlRTIlODElQTAlMjIlN0QlNUQlN0QlNUQlN0QlMkMlN0IlMjJ0eXBlJTIyJTNBJTIycGFyYWdyYXBoJTIyJTJDJTIyY2hpbGRyZW4lMjIlM0ElNUIlN0IlMjJ0ZXh0JTIyJTNBJTIyUmV0cm91dmV6JTIwbWVzJTIwc29pbnMlMjBldCUyMGFjY29tcGFnbmVtZW50cyUyMiU3RCU1RCU3RCUyQyU3QiUyMnR5cGUlMjIlM0ElMjJwYXJhZ3JhcGglMjIlMkMlMjJjaGlsZHJlbiUyMiUzQSU1QiU3QiUyMnRleHQlMjIlM0ElMjIlRjAlOUYlOTElODklMjAlMjIlN0QlMkMlN0IlMjJ0eXBlJTIyJTNBJTIybGluayUyMiUyQyUyMnVybCUyMiUzQSUyMmh0dHBzJTNBJTJGJTJGd3d3LmdhZWxsZS1ndWlueS5jb20lMjIlMkMlMjJ0YXJnZXQlMjIlM0FudWxsJTJDJTIycmVsJTIyJTNBbnVsbCUyQyUyMmNoaWxkcmVuJTIyJTNBJTVCJTdCJTIydGV4dCUyMiUzQSUyMiVFMiU4MSVBMGh0dHBzJTNBJTJGJTJGd3d3LmdhZWxsZS1ndWlueS5jb20lRTIlODElQTAlMjIlN0QlNUQlN0QlNUQlN0QlMkMlN0IlMjJ0eXBlJTIyJTNBJTIycGFyYWdyYXBoJTIyJTJDJTIyY2hpbGRyZW4lMjIlM0ElNUIlN0IlMjJ0ZXh0JTIyJTNBJTIyJTIyJTdEJTVEJTdEJTJDJTdCJTIydHlwZSUyMiUzQSUyMnBhcmFncmFwaCUyMiUyQyUyMmNoaWxkcmVuJTIyJTNBJTVCJTdCJTIydGV4dCUyMiUzQSUyMiUyMiU3RCU1RCU3RCUyQyU3QiUyMnR5cGUlMjIlM0ElMjJwYXJhZ3JhcGglMjIlMkMlMjJjaGlsZHJlbiUyMiUzQSU1QiU3QiUyMnRleHQlMjIlM0ElMjJjciVDMyVBOWRpdHMlMjBtdXNpcXVlJTIwJTNBJTIyJTdEJTVEJTdEJTJDJTdCJTIydHlwZSUyMiUzQSUyMnBhcmFncmFwaCUyMiUyQyUyMmNoaWxkcmVuJTIyJTNBJTVCJTdCJTIydGV4dCUyMiUzQSUyMkZsb3VyaXNoJTIwYnklMjBQdXJycGxlJTIwQ2F0JTIyJTdEJTVEJTdEJTJDJTdCJTIydHlwZSUyMiUzQSUyMnBhcmFncmFwaCUyMiUyQyUyMmNoaWxkcmVuJTIyJTNBJTVCJTdCJTIydGV4dCUyMiUzQSUyMmh0dHBzJTNBJTJGJTJGcHVycnBsZWNhdC5jb20lMjAtJTIwTXVzaWMlMjBwcm9tb3RlZCUyMGJ5JTIwaHR0cHMlM0ElMkYlMkZ3d3cuZnJlZS1zdG9jay1tdXNpYy5jb21DcmVhdGl2ZSUyMENvbW1vbnMlMjBBdHRyaWJ1dGlvbi1TaGFyZUFsaWtlJTIwMy4wJTIwVW5wb3J0ZWQlMjAtJTIwaHR0cHMlM0ElMkYlMkZjcmVhdGl2ZWNvbW1vbnMub3JnJTJGbGljZW5zZXMlMkYuLiUyMC4lMjIlN0QlNUQlN0QlMkMlN0IlMjJ0eXBlJTIyJTNBJTIycGFyYWdyYXBoJTIyJTJDJTIyY2hpbGRyZW4lMjIlM0ElNUIlN0IlMjJ0ZXh0JTIyJTNBJTIyJTVDbkklMjBGZWVsJTIwQWxpdmUlMjBieSUyMEFsZXgtUHJvZHVjdGlvbnMlMjAlN0MlMjBodHRwcyUzQSUyRiUyRm9uc291bmQuZXUlMkZNdXNpYyUyMHByb21vdGVkJTIwYnklMjBodHRwcyUzQSUyRiUyRnd3dy5mcmVlLXN0b2NrLW11c2ljLmNvbUNyZWF0aXZlJTIwQ29tbW9ucyUyMCUyRiUyMEF0dHJpYnV0aW9uJTIwMy4wJTIwVW5wb3J0ZWQlMjBMaWNlbnNlJTIwKENDJTIwQlklMjAzLjApaHR0cHMlM0ElMkYlMkZjcmVhdGl2ZWNvbW1vbnMub3JnJTJGbGljZW5zZXMlMkZieSUyRjMuMCUyRmRlZWQuZW5fVVMlMjIlN0QlNUQlN0QlNUQ=\"><em><span class=\"sc-cfJLRR dbFiWF\" data-slate-leaf=\"true\"> I Feel Alive by Alex-Productions | https:\/\/onsound.eu\/Music promoted by https:\/\/www.free-stock-music.comCreative Commons \/ Attribution 3.0 Unported License (CC BY 3.0)https:\/\/creativecommons.org\/licenses\/by\/3.0\/deed.en_US<\/span><\/em><\/p>\t\t\t\t\t\t<\/div>\n\t\t\t\t<\/div>\n\t\t\t\t\t<\/div>\n\t\t<\/div>\n\t\t\t\t\t\t\t<\/div>\n\t\t<\/section>\n\t\t\t\t\t\t<\/div>\n\t\t\t\t\t<\/div>\n\t\t","protected":false},"excerpt":{"rendered":"<p># 27 &#8211; Deuil p\u00e9rinatal : Ressources pour les parents endeuill\u00e9s et pour leurs proches Le deuil p\u00e9rinatal touche environ&#8230;<\/p>\n","protected":false},"author":1,"featured_media":0,"parent":37,"menu_order":0,"comment_status":"closed","ping_status":"closed","template":"","meta":[],"_links":{"self":[{"href":"https:\/\/ainsivalavie.fr\/index.php\/wp-json\/wp\/v2\/pages\/2219"}],"collection":[{"href":"https:\/\/ainsivalavie.fr\/index.php\/wp-json\/wp\/v2\/pages"}],"about":[{"href":"https:\/\/ainsivalavie.fr\/index.php\/wp-json\/wp\/v2\/types\/page"}],"author":[{"embeddable":true,"href":"https:\/\/ainsivalavie.fr\/index.php\/wp-json\/wp\/v2\/users\/1"}],"replies":[{"embeddable":true,"href":"https:\/\/ainsivalavie.fr\/index.php\/wp-json\/wp\/v2\/comments?post=2219"}],"version-history":[{"count":35,"href":"https:\/\/ainsivalavie.fr\/index.php\/wp-json\/wp\/v2\/pages\/2219\/revisions"}],"predecessor-version":[{"id":3734,"href":"https:\/\/ainsivalavie.fr\/index.php\/wp-json\/wp\/v2\/pages\/2219\/revisions\/3734"}],"up":[{"embeddable":true,"href":"https:\/\/ainsivalavie.fr\/index.php\/wp-json\/wp\/v2\/pages\/37"}],"wp:attachment":[{"href":"https:\/\/ainsivalavie.fr\/index.php\/wp-json\/wp\/v2\/media?parent=2219"}],"curies":[{"name":"wp","href":"https:\/\/api.w.org\/{rel}","templated":true}]}}