{"id":1926,"date":"2023-03-15T19:01:04","date_gmt":"2023-03-15T18:01:04","guid":{"rendered":"https:\/\/ainsivalavie.fr\/?page_id=1926"},"modified":"2025-08-22T09:39:43","modified_gmt":"2025-08-22T07:39:43","slug":"280-23","status":"publish","type":"page","link":"https:\/\/ainsivalavie.fr\/index.php\/les-episodes\/280-23\/","title":{"rendered":"# 22 &#8211; Deuils compliqu\u00e9s et hypnose"},"content":{"rendered":"\t\t<div data-elementor-type=\"wp-page\" data-elementor-id=\"1926\" class=\"elementor elementor-1926\" data-elementor-settings=\"[]\">\n\t\t\t\t\t\t\t<div class=\"elementor-section-wrap\">\n\t\t\t\t\t\t\t<section class=\"elementor-section elementor-top-section elementor-element elementor-element-7712a55 elementor-section-boxed elementor-section-height-default elementor-section-height-default\" data-id=\"7712a55\" data-element_type=\"section\">\n\t\t\t\t\t\t<div class=\"elementor-container elementor-column-gap-default\">\n\t\t\t\t\t<div class=\"elementor-column elementor-col-100 elementor-top-column elementor-element elementor-element-cd79bd5\" data-id=\"cd79bd5\" data-element_type=\"column\">\n\t\t\t<div class=\"elementor-widget-wrap elementor-element-populated\">\n\t\t\t\t\t\t\t\t<div class=\"elementor-element elementor-element-c0d96af elementor-widget elementor-widget-image\" data-id=\"c0d96af\" data-element_type=\"widget\" data-widget_type=\"image.default\">\n\t\t\t\t<div class=\"elementor-widget-container\">\n\t\t\t\t\t\t\t\t\t\t\t\t\t\t\t<img width=\"640\" height=\"360\" src=\"https:\/\/ainsivalavie.fr\/wp-content\/uploads\/2025\/08\/28-768x432.png\" class=\"attachment-medium_large size-medium_large\" alt=\"\" loading=\"lazy\" srcset=\"https:\/\/ainsivalavie.fr\/wp-content\/uploads\/2025\/08\/28-768x432.png 768w, https:\/\/ainsivalavie.fr\/wp-content\/uploads\/2025\/08\/28-300x169.png 300w, https:\/\/ainsivalavie.fr\/wp-content\/uploads\/2025\/08\/28-1024x576.png 1024w, https:\/\/ainsivalavie.fr\/wp-content\/uploads\/2025\/08\/28-1536x864.png 1536w, https:\/\/ainsivalavie.fr\/wp-content\/uploads\/2025\/08\/28.png 1920w\" sizes=\"(max-width: 640px) 100vw, 640px\" \/>\t\t\t\t\t\t\t\t\t\t\t\t\t\t\t<\/div>\n\t\t\t\t<\/div>\n\t\t\t\t\t<\/div>\n\t\t<\/div>\n\t\t\t\t\t\t\t<\/div>\n\t\t<\/section>\n\t\t\t\t<section class=\"elementor-section elementor-top-section elementor-element elementor-element-29bb853 elementor-section-boxed elementor-section-height-default elementor-section-height-default\" data-id=\"29bb853\" data-element_type=\"section\">\n\t\t\t\t\t\t<div class=\"elementor-container elementor-column-gap-default\">\n\t\t\t\t\t<div class=\"elementor-column elementor-col-100 elementor-top-column elementor-element elementor-element-b638950\" data-id=\"b638950\" data-element_type=\"column\">\n\t\t\t<div class=\"elementor-widget-wrap elementor-element-populated\">\n\t\t\t\t\t\t\t\t<div class=\"elementor-element elementor-element-aad4e26 elementor-widget elementor-widget-heading\" data-id=\"aad4e26\" data-element_type=\"widget\" data-widget_type=\"heading.default\">\n\t\t\t\t<div class=\"elementor-widget-container\">\n\t\t\t<h2 class=\"elementor-heading-title elementor-size-default\"># 22 - Deuils compliqu\u00e9s et hypnose<\/h2>\t\t<\/div>\n\t\t\t\t<\/div>\n\t\t\t\t\t<\/div>\n\t\t<\/div>\n\t\t\t\t\t\t\t<\/div>\n\t\t<\/section>\n\t\t\t\t<section class=\"elementor-section elementor-top-section elementor-element elementor-element-f20c900 elementor-section-boxed elementor-section-height-default elementor-section-height-default\" data-id=\"f20c900\" data-element_type=\"section\">\n\t\t\t\t\t\t<div class=\"elementor-container elementor-column-gap-default\">\n\t\t\t\t\t<div class=\"elementor-column elementor-col-100 elementor-top-column elementor-element elementor-element-b023d3f\" data-id=\"b023d3f\" data-element_type=\"column\">\n\t\t\t<div class=\"elementor-widget-wrap elementor-element-populated\">\n\t\t\t\t\t\t\t\t<div class=\"elementor-element elementor-element-4d6a8e0 elementor-widget elementor-widget-text-editor\" data-id=\"4d6a8e0\" data-element_type=\"widget\" data-widget_type=\"text-editor.default\">\n\t\t\t\t<div class=\"elementor-widget-container\">\n\t\t\t\t\t\t\t\t<iframe allow=\"autoplay *; encrypted-media *; fullscreen *; clipboard-write\" frameborder=\"0\" height=\"175\" style=\"width:100%;max-width:660px;overflow:hidden;background:transparent;\" sandbox=\"allow-forms allow-popups allow-same-origin allow-scripts allow-storage-access-by-user-activation allow-top-navigation-by-user-activation\" src=\"https:\/\/embed.podcasts.apple.com\/us\/podcast\/22-deuils-compliqu%C3%A9s-et-hypnose\/id1570506833?i=1000604874578\"><\/iframe>\t\t\t\t\t\t<\/div>\n\t\t\t\t<\/div>\n\t\t\t\t<div class=\"elementor-element elementor-element-4059ec0 elementor-widget elementor-widget-text-editor\" data-id=\"4059ec0\" data-element_type=\"widget\" data-widget_type=\"text-editor.default\">\n\t\t\t\t<div class=\"elementor-widget-container\">\n\t\t\t\t\t\t\t\t<div class=\"CNxNUMI4vuO8-fkO8bPPMQ== FdGBl7+r1sQJZTUFqRjvJw==\" data-block=\"true\" data-editor=\"7ss42\" data-offset-key=\"fo16-0-0\"><div class=\"public-DraftStyleDefault-block public-DraftStyleDefault-ltr\" data-offset-key=\"fo16-0-0\"><span data-offset-key=\"fo16-0-0\">Deuil compliqu\u00e9, deuil prolong\u00e9, deuil pathologique ou pathog\u00e8ne&#8230; comment s&#8217;y retrouver ? Comment d\u00e9celer si une personne endeuill\u00e9e est concern\u00e9e pour mieux la soutenir ? <\/span><\/div><div class=\"public-DraftStyleDefault-block public-DraftStyleDefault-ltr\" data-offset-key=\"fo16-0-0\"><span data-offset-key=\"fo16-0-0\">\u00a0<\/span><\/div><\/div><div class=\"CNxNUMI4vuO8-fkO8bPPMQ== FdGBl7+r1sQJZTUFqRjvJw==\" data-block=\"true\" data-editor=\"7ss42\" data-offset-key=\"7crvt-0-0\"><div class=\"public-DraftStyleDefault-block public-DraftStyleDefault-ltr\" data-offset-key=\"7crvt-0-0\"><span data-offset-key=\"7crvt-0-0\">Psychologue, traumatologue, hypnoth\u00e9rapeute, <strong>Evelyne Josse<\/strong> nous aide \u00e0 mieux comprendre pourquoi et comment un deuil peut se compliquer. Une situation qu&#8217;elle a elle-m\u00eame travers\u00e9e apr\u00e8s le suicide d&#8217;un \u00eatre cher. \u00a0<\/span><\/div><div data-offset-key=\"7crvt-0-0\">\u00a0<\/div><\/div><div class=\"CNxNUMI4vuO8-fkO8bPPMQ== FdGBl7+r1sQJZTUFqRjvJw==\" data-block=\"true\" data-editor=\"7ss42\" data-offset-key=\"5ef6s-0-0\"><div class=\"public-DraftStyleDefault-block public-DraftStyleDefault-ltr\" data-offset-key=\"5ef6s-0-0\"><span data-offset-key=\"5ef6s-0-0\">Dans le cadre de son accompagnement du deuil, <strong>elle propose des s\u00e9ances d&#8217;hypnose favorisant un contact induit avec les d\u00e9funts.<\/strong> Une approche qui permet \u00a0d&#8217;adoucir le chagrin et qui favorise le d\u00e9veloppement d&#8217;un lien int\u00e9rieur apais\u00e9 avec le\/la d\u00e9funt.e. \u00a0<\/span><\/div><\/div><div class=\"CNxNUMI4vuO8-fkO8bPPMQ== FdGBl7+r1sQJZTUFqRjvJw==\" data-block=\"true\" data-editor=\"7ss42\" data-offset-key=\"cd72b-0-0\"><div class=\"public-DraftStyleDefault-block public-DraftStyleDefault-ltr\" data-offset-key=\"cd72b-0-0\"><span data-offset-key=\"cd72b-0-0\">\u00a0<\/span><\/div><\/div><div class=\"CNxNUMI4vuO8-fkO8bPPMQ== FdGBl7+r1sQJZTUFqRjvJw==\" data-block=\"true\" data-editor=\"7ss42\" data-offset-key=\"4nncb-0-0\"><div class=\"public-DraftStyleDefault-block public-DraftStyleDefault-ltr\" data-offset-key=\"4nncb-0-0\"><span data-offset-key=\"4nncb-0-0\">\ud83d\udc49 Bonne \u00e9coute. \u00a0\u00a0<\/span><\/div><\/div><div class=\"CNxNUMI4vuO8-fkO8bPPMQ== FdGBl7+r1sQJZTUFqRjvJw==\" data-block=\"true\" data-editor=\"7ss42\" data-offset-key=\"6957b-0-0\"><div class=\"public-DraftStyleDefault-block public-DraftStyleDefault-ltr\" data-offset-key=\"6957b-0-0\"><span data-offset-key=\"6957b-0-0\">\ud83d\udc49 Si vous aimez l&#8217;\u00e9pisode, laissez 5 \u00e9toiles et un commentaire !<\/span><\/div><\/div><div class=\"CNxNUMI4vuO8-fkO8bPPMQ== FdGBl7+r1sQJZTUFqRjvJw==\" data-block=\"true\" data-editor=\"7ss42\" data-offset-key=\"c0m15-0-0\"><div class=\"public-DraftStyleDefault-block public-DraftStyleDefault-ltr\" data-offset-key=\"c0m15-0-0\"><span data-offset-key=\"c0m15-0-0\">\u00a0<\/span><\/div><\/div><div class=\"CNxNUMI4vuO8-fkO8bPPMQ== FdGBl7+r1sQJZTUFqRjvJw==\" data-block=\"true\" data-editor=\"7ss42\" data-offset-key=\"23hlh-0-0\"><div class=\"public-DraftStyleDefault-block public-DraftStyleDefault-ltr\" data-offset-key=\"23hlh-0-0\"><span data-offset-key=\"23hlh-0-0\">Site de Evelyne Josse\u00a0<\/span><\/div><\/div><div class=\"CNxNUMI4vuO8-fkO8bPPMQ== FdGBl7+r1sQJZTUFqRjvJw==\" data-block=\"true\" data-editor=\"7ss42\" data-offset-key=\"396i9-0-0\"><div class=\"public-DraftStyleDefault-block public-DraftStyleDefault-ltr\" data-offset-key=\"396i9-0-0\"><a href=\"https:\/\/www.resilience-psy.com\">https:\/\/www.resilience-psy.com<\/a><\/div><div data-offset-key=\"396i9-0-0\">\u00a0<\/div><\/div><div class=\"CNxNUMI4vuO8-fkO8bPPMQ== FdGBl7+r1sQJZTUFqRjvJw==\" data-block=\"true\" data-editor=\"7ss42\" data-offset-key=\"94srr-0-0\"><div class=\"public-DraftStyleDefault-block public-DraftStyleDefault-ltr\" data-offset-key=\"94srr-0-0\"><span data-offset-key=\"94srr-0-0\">Cha\u00eene Youtube Resilience Psy<\/span><\/div><\/div><div class=\"CNxNUMI4vuO8-fkO8bPPMQ== FdGBl7+r1sQJZTUFqRjvJw==\" data-block=\"true\" data-editor=\"7ss42\" data-offset-key=\"3ir6n-0-0\"><div class=\"public-DraftStyleDefault-block public-DraftStyleDefault-ltr\" data-offset-key=\"3ir6n-0-0\"><a href=\"https:\/\/www.youtube.com\/@resiliencepsy\/featured\">https:\/\/www.youtube.com\/@resiliencepsy\/featured<\/a><\/div><div data-offset-key=\"3ir6n-0-0\">\u00a0<\/div><\/div><div class=\"CNxNUMI4vuO8-fkO8bPPMQ== FdGBl7+r1sQJZTUFqRjvJw==\" data-block=\"true\" data-editor=\"7ss42\" data-offset-key=\"frklg-0-0\"><div class=\"public-DraftStyleDefault-block public-DraftStyleDefault-ltr\" data-offset-key=\"frklg-0-0\"><span data-offset-key=\"frklg-0-0\">Forum &#8220;Deuil et dimensions invisibles de la conscience&#8221;\u00a0<\/span><\/div><\/div><div class=\"CNxNUMI4vuO8-fkO8bPPMQ== FdGBl7+r1sQJZTUFqRjvJw==\" data-block=\"true\" data-editor=\"7ss42\" data-offset-key=\"81r8g-0-0\"><div class=\"public-DraftStyleDefault-block public-DraftStyleDefault-ltr\" data-offset-key=\"81r8g-0-0\"><a href=\"https:\/\/www.deuil-conscience.com\/\">https:\/\/www.deuil-conscience.com\/<\/a><\/div><\/div><div class=\"CNxNUMI4vuO8-fkO8bPPMQ== FdGBl7+r1sQJZTUFqRjvJw==\" data-block=\"true\" data-editor=\"7ss42\" data-offset-key=\"54ku6-0-0\"><div class=\"public-DraftStyleDefault-block public-DraftStyleDefault-ltr\" data-offset-key=\"54ku6-0-0\"><span data-offset-key=\"54ku6-0-0\">\u00a0<\/span><\/div><\/div><div class=\"CNxNUMI4vuO8-fkO8bPPMQ== FdGBl7+r1sQJZTUFqRjvJw==\" data-block=\"true\" data-editor=\"7ss42\" data-offset-key=\"105dd-0-0\"><div class=\"public-DraftStyleDefault-block public-DraftStyleDefault-ltr\" data-offset-key=\"105dd-0-0\"><span data-offset-key=\"105dd-0-0\">\u25ba REJOIGNEZ LA COMMUNAUTE &#8220;AINSI VA LA VIE&#8221; SUR LES RESEAUX !\u00a0<\/span><\/div><div data-offset-key=\"105dd-0-0\">\u00a0<\/div><\/div><div class=\"CNxNUMI4vuO8-fkO8bPPMQ== FdGBl7+r1sQJZTUFqRjvJw==\" data-block=\"true\" data-editor=\"7ss42\" data-offset-key=\"1vrca-0-0\"><div class=\"public-DraftStyleDefault-block public-DraftStyleDefault-ltr\" data-offset-key=\"1vrca-0-0\"><span data-offset-key=\"1vrca-0-0\">\ud83d\udc49 Instagram : @ainsivalavie.podcast\u00a0<\/span><\/div><\/div><div class=\"CNxNUMI4vuO8-fkO8bPPMQ== FdGBl7+r1sQJZTUFqRjvJw==\" data-block=\"true\" data-editor=\"7ss42\" data-offset-key=\"58ofi-0-0\"><div class=\"public-DraftStyleDefault-block public-DraftStyleDefault-ltr\" data-offset-key=\"58ofi-0-0\"><span data-offset-key=\"58ofi-0-0\">\ud83d\udc49 Facebook : https:\/\/www.facebook.com\/ainsivalavie.. . \u00a0<\/span><\/div><div data-offset-key=\"58ofi-0-0\">\u00a0<\/div><\/div><div class=\"CNxNUMI4vuO8-fkO8bPPMQ== FdGBl7+r1sQJZTUFqRjvJw==\" data-block=\"true\" data-editor=\"7ss42\" data-offset-key=\"7v466-0-0\"><div class=\"public-DraftStyleDefault-block public-DraftStyleDefault-ltr\" data-offset-key=\"7v466-0-0\"><span data-offset-key=\"7v466-0-0\">\u25ba SITES INTERNET\u00a0<\/span><\/div><div data-offset-key=\"7v466-0-0\">\u00a0<\/div><\/div><div class=\"CNxNUMI4vuO8-fkO8bPPMQ== FdGBl7+r1sQJZTUFqRjvJw==\" data-block=\"true\" data-editor=\"7ss42\" data-offset-key=\"3okpu-0-0\"><div class=\"public-DraftStyleDefault-block public-DraftStyleDefault-ltr\" data-offset-key=\"3okpu-0-0\"><span data-offset-key=\"3okpu-0-0\">\ud83d\udc49 https:\/\/www.ainsivalavie.fr\u00a0<\/span><\/div><\/div><div class=\"CNxNUMI4vuO8-fkO8bPPMQ== FdGBl7+r1sQJZTUFqRjvJw==\" data-block=\"true\" data-editor=\"7ss42\" data-offset-key=\"1avsg-0-0\"><div class=\"public-DraftStyleDefault-block public-DraftStyleDefault-ltr\" data-offset-key=\"1avsg-0-0\"><span data-offset-key=\"1avsg-0-0\">Retrouvez mes soins et accompagnements (St Malo et Nogent sur Marne)\u00a0<\/span><\/div><div data-offset-key=\"1avsg-0-0\">\u00a0<\/div><\/div><div class=\"CNxNUMI4vuO8-fkO8bPPMQ== FdGBl7+r1sQJZTUFqRjvJw==\" data-block=\"true\" data-editor=\"7ss42\" data-offset-key=\"ajuq-0-0\"><div class=\"public-DraftStyleDefault-block public-DraftStyleDefault-ltr\" data-offset-key=\"ajuq-0-0\"><span data-offset-key=\"ajuq-0-0\">\ud83d\udc49 https:\/\/www.gaelle-guiny.com<\/span><\/div><\/div>\t\t\t\t\t\t<\/div>\n\t\t\t\t<\/div>\n\t\t\t\t\t<\/div>\n\t\t<\/div>\n\t\t\t\t\t\t\t<\/div>\n\t\t<\/section>\n\t\t\t\t\t\t<\/div>\n\t\t\t\t\t<\/div>\n\t\t","protected":false},"excerpt":{"rendered":"<p># 22 &#8211; Deuils compliqu\u00e9s et hypnose Deuil compliqu\u00e9, deuil prolong\u00e9, deuil pathologique ou pathog\u00e8ne&#8230; comment s&#8217;y retrouver ? Comment&#8230;<\/p>\n","protected":false},"author":1,"featured_media":0,"parent":37,"menu_order":0,"comment_status":"closed","ping_status":"closed","template":"","meta":[],"_links":{"self":[{"href":"https:\/\/ainsivalavie.fr\/index.php\/wp-json\/wp\/v2\/pages\/1926"}],"collection":[{"href":"https:\/\/ainsivalavie.fr\/index.php\/wp-json\/wp\/v2\/pages"}],"about":[{"href":"https:\/\/ainsivalavie.fr\/index.php\/wp-json\/wp\/v2\/types\/page"}],"author":[{"embeddable":true,"href":"https:\/\/ainsivalavie.fr\/index.php\/wp-json\/wp\/v2\/users\/1"}],"replies":[{"embeddable":true,"href":"https:\/\/ainsivalavie.fr\/index.php\/wp-json\/wp\/v2\/comments?post=1926"}],"version-history":[{"count":14,"href":"https:\/\/ainsivalavie.fr\/index.php\/wp-json\/wp\/v2\/pages\/1926\/revisions"}],"predecessor-version":[{"id":3719,"href":"https:\/\/ainsivalavie.fr\/index.php\/wp-json\/wp\/v2\/pages\/1926\/revisions\/3719"}],"up":[{"embeddable":true,"href":"https:\/\/ainsivalavie.fr\/index.php\/wp-json\/wp\/v2\/pages\/37"}],"wp:attachment":[{"href":"https:\/\/ainsivalavie.fr\/index.php\/wp-json\/wp\/v2\/media?parent=1926"}],"curies":[{"name":"wp","href":"https:\/\/api.w.org\/{rel}","templated":true}]}}