{"id":1708,"date":"2022-11-07T21:57:24","date_gmt":"2022-11-07T20:57:24","guid":{"rendered":"https:\/\/ainsivalavie.fr\/?page_id=1708"},"modified":"2025-08-22T09:35:14","modified_gmt":"2025-08-22T07:35:14","slug":"280-19","status":"publish","type":"page","link":"https:\/\/ainsivalavie.fr\/index.php\/les-episodes\/280-19\/","title":{"rendered":"# 18 &#8211; Quand l&#8217;extraordinaire s&#8217;invite chez les psy"},"content":{"rendered":"\t\t<div data-elementor-type=\"wp-page\" data-elementor-id=\"1708\" class=\"elementor elementor-1708\" data-elementor-settings=\"[]\">\n\t\t\t\t\t\t\t<div class=\"elementor-section-wrap\">\n\t\t\t\t\t\t\t<section class=\"elementor-section elementor-top-section elementor-element elementor-element-a266653 elementor-section-boxed elementor-section-height-default elementor-section-height-default\" data-id=\"a266653\" data-element_type=\"section\">\n\t\t\t\t\t\t<div class=\"elementor-container elementor-column-gap-default\">\n\t\t\t\t\t<div class=\"elementor-column elementor-col-100 elementor-top-column elementor-element elementor-element-7f12cb0\" data-id=\"7f12cb0\" data-element_type=\"column\">\n\t\t\t<div class=\"elementor-widget-wrap elementor-element-populated\">\n\t\t\t\t\t\t\t\t<div class=\"elementor-element elementor-element-69a5cf6 elementor-widget elementor-widget-image\" data-id=\"69a5cf6\" data-element_type=\"widget\" data-widget_type=\"image.default\">\n\t\t\t\t<div class=\"elementor-widget-container\">\n\t\t\t\t\t\t\t\t\t\t\t\t\t\t\t<img width=\"640\" height=\"360\" src=\"https:\/\/ainsivalavie.fr\/wp-content\/uploads\/2025\/08\/32-1024x576.png\" class=\"attachment-large size-large\" alt=\"\" loading=\"lazy\" srcset=\"https:\/\/ainsivalavie.fr\/wp-content\/uploads\/2025\/08\/32-1024x576.png 1024w, https:\/\/ainsivalavie.fr\/wp-content\/uploads\/2025\/08\/32-300x169.png 300w, https:\/\/ainsivalavie.fr\/wp-content\/uploads\/2025\/08\/32-768x432.png 768w, https:\/\/ainsivalavie.fr\/wp-content\/uploads\/2025\/08\/32-1536x864.png 1536w, https:\/\/ainsivalavie.fr\/wp-content\/uploads\/2025\/08\/32.png 1920w\" sizes=\"(max-width: 640px) 100vw, 640px\" \/>\t\t\t\t\t\t\t\t\t\t\t\t\t\t\t<\/div>\n\t\t\t\t<\/div>\n\t\t\t\t\t<\/div>\n\t\t<\/div>\n\t\t\t\t\t\t\t<\/div>\n\t\t<\/section>\n\t\t\t\t<section class=\"elementor-section elementor-top-section elementor-element elementor-element-74d964d elementor-section-boxed elementor-section-height-default elementor-section-height-default\" data-id=\"74d964d\" data-element_type=\"section\">\n\t\t\t\t\t\t<div class=\"elementor-container elementor-column-gap-default\">\n\t\t\t\t\t<div class=\"elementor-column elementor-col-100 elementor-top-column elementor-element elementor-element-6dda91b\" data-id=\"6dda91b\" data-element_type=\"column\">\n\t\t\t<div class=\"elementor-widget-wrap elementor-element-populated\">\n\t\t\t\t\t\t\t\t<div class=\"elementor-element elementor-element-609f24f elementor-widget elementor-widget-heading\" data-id=\"609f24f\" data-element_type=\"widget\" data-widget_type=\"heading.default\">\n\t\t\t\t<div class=\"elementor-widget-container\">\n\t\t\t<h2 class=\"elementor-heading-title elementor-size-default\"># 18 - Quand l'extraordinaire s'invite chez les psy<\/h2>\t\t<\/div>\n\t\t\t\t<\/div>\n\t\t\t\t\t<\/div>\n\t\t<\/div>\n\t\t\t\t\t\t\t<\/div>\n\t\t<\/section>\n\t\t\t\t<section class=\"elementor-section elementor-top-section elementor-element elementor-element-483e108 elementor-section-boxed elementor-section-height-default elementor-section-height-default\" data-id=\"483e108\" data-element_type=\"section\">\n\t\t\t\t\t\t<div class=\"elementor-container elementor-column-gap-default\">\n\t\t\t\t\t<div class=\"elementor-column elementor-col-100 elementor-top-column elementor-element elementor-element-6a01928\" data-id=\"6a01928\" data-element_type=\"column\">\n\t\t\t<div class=\"elementor-widget-wrap elementor-element-populated\">\n\t\t\t\t\t\t\t\t<div class=\"elementor-element elementor-element-7720b0e elementor-widget elementor-widget-text-editor\" data-id=\"7720b0e\" data-element_type=\"widget\" data-widget_type=\"text-editor.default\">\n\t\t\t\t<div class=\"elementor-widget-container\">\n\t\t\t\t\t\t\t\t<p><iframe style=\"width: 100%; max-width: 660px; overflow: hidden; background: transparent;\" src=\"https:\/\/embed.podcasts.apple.com\/us\/podcast\/quand-lextraordinaire-sinvite-chez-les-psy-exp%C3%A9riences\/id1570506833?i=1000585419031\" height=\"175\" frameborder=\"0\" sandbox=\"allow-forms allow-popups allow-same-origin allow-scripts allow-storage-access-by-user-activation allow-top-navigation-by-user-activation\"><\/iframe><\/p>\t\t\t\t\t\t<\/div>\n\t\t\t\t<\/div>\n\t\t\t\t\t<\/div>\n\t\t<\/div>\n\t\t\t\t\t\t\t<\/div>\n\t\t<\/section>\n\t\t\t\t<section class=\"elementor-section elementor-top-section elementor-element elementor-element-3784b22 elementor-section-boxed elementor-section-height-default elementor-section-height-default\" data-id=\"3784b22\" data-element_type=\"section\">\n\t\t\t\t\t\t<div class=\"elementor-container elementor-column-gap-default\">\n\t\t\t\t\t<div class=\"elementor-column elementor-col-100 elementor-top-column elementor-element elementor-element-aa7153e\" data-id=\"aa7153e\" data-element_type=\"column\">\n\t\t\t<div class=\"elementor-widget-wrap elementor-element-populated\">\n\t\t\t\t\t\t\t\t<div class=\"elementor-element elementor-element-91eb575 elementor-widget elementor-widget-text-editor\" data-id=\"91eb575\" data-element_type=\"widget\" data-widget_type=\"text-editor.default\">\n\t\t\t\t<div class=\"elementor-widget-container\">\n\t\t\t\t\t\t\t\t<div class=\"\" data-block=\"true\" data-editor=\"72nsr\" data-offset-key=\"dl2lg-0-0\"><div class=\"_1mf _1mj\" data-offset-key=\"dl2lg-0-0\"><span data-offset-key=\"dl2lg-0-0\">Dans cet \u00e9pisode avec St\u00e9phane Allix, nous abordons la rencontre des professionnels de la sant\u00e9 mentale (les psy) avec les r\u00e9cits d&#8217;exp\u00e9riences extraordinaires de leurs patients. <\/span><\/div><\/div><div class=\"\" data-block=\"true\" data-editor=\"72nsr\" data-offset-key=\"c4a2g-0-0\"><div class=\"_1mf _1mj\" data-offset-key=\"c4a2g-0-0\"><span data-offset-key=\"c4a2g-0-0\">\u00a0<\/span><\/div><\/div><div class=\"\" data-block=\"true\" data-editor=\"72nsr\" data-offset-key=\"adrn7-0-0\"><div class=\"_1mf _1mj\" data-offset-key=\"adrn7-0-0\"><span data-offset-key=\"adrn7-0-0\">Nous parlons exp\u00e9riences de mort imminente, contacts avec les d\u00e9funts, perceptions extra-sensorielles, contacts avec l&#8217;invisible&#8230;<\/span>:<\/div><\/div><div class=\"\" data-block=\"true\" data-editor=\"72nsr\" data-offset-key=\"1g5k0-0-0\"><div data-offset-key=\"1g5k0-0-0\">\u00a0<\/div><\/div><div class=\"\" data-block=\"true\" data-editor=\"72nsr\" data-offset-key=\"48cop-0-0\"><div class=\"_1mf _1mj\" data-offset-key=\"48cop-0-0\"><span data-offset-key=\"48cop-0-0\">\ud83c\udf3f Comment ces psy accueillent-ils ces ph\u00e9nom\u00e8nes inexpliqu\u00e9s racont\u00e9s par leurs patients ? <\/span><\/div><\/div><div class=\"\" data-block=\"true\" data-editor=\"72nsr\" data-offset-key=\"8qd7j-0-0\"><div class=\"_1mf _1mj\" data-offset-key=\"8qd7j-0-0\"><span data-offset-key=\"8qd7j-0-0\">\ud83c\udf3f Comment les questionnent-ils sur leur savoir, leur pratique clinique ?<\/span><\/div><\/div><div class=\"\" data-block=\"true\" data-editor=\"72nsr\" data-offset-key=\"bpka8-0-0\"><div class=\"_1mf _1mj\" data-offset-key=\"bpka8-0-0\"><span data-offset-key=\"bpka8-0-0\">\ud83c\udf3f Comment cela les confrontent-ils \u00e0 d&#8217;autres r\u00e9alit\u00e9s ? <\/span><\/div><\/div><div class=\"\" data-block=\"true\" data-editor=\"72nsr\" data-offset-key=\"a14fd-0-0\"><div class=\"_1mf _1mj\" data-offset-key=\"a14fd-0-0\"><span data-offset-key=\"a14fd-0-0\">\ud83c\udf3f Quelles pratiques compl\u00e9mentaires sont-ils amen\u00e9s \u00e0 proposer ?<\/span><\/div><\/div><div class=\"\" data-block=\"true\" data-editor=\"72nsr\" data-offset-key=\"5qrde-0-0\"><div class=\"_1mf _1mj\" data-offset-key=\"5qrde-0-0\"><span data-offset-key=\"5qrde-0-0\">\u00a0<\/span><\/div><\/div><div class=\"\" data-block=\"true\" data-editor=\"72nsr\" data-offset-key=\"7afqh-0-0\"><div class=\"_1mf _1mj\" data-offset-key=\"7afqh-0-0\"><span data-offset-key=\"7afqh-0-0\">\ud83d\udc49 Vous aurez une piste concr\u00e8te pour trouver un.e psy sensibilis\u00e9.e \u00e0 ces exp\u00e9riences extraordinaires.<\/span><\/div><\/div><div class=\"\" data-block=\"true\" data-editor=\"72nsr\" data-offset-key=\"9nr61-0-0\"><div class=\"_1mf _1mj\" data-offset-key=\"9nr61-0-0\"><span data-offset-key=\"9nr61-0-0\">\u00a0<\/span><\/div><\/div><div class=\"\" data-block=\"true\" data-editor=\"72nsr\" data-offset-key=\"1cr5n-0-0\"><div class=\"_1mf _1mj\" data-offset-key=\"1cr5n-0-0\"><span data-offset-key=\"1cr5n-0-0\">Ancien reporter de guerre, St\u00e9phane Allix investigue depuis plus de 20 ans les ph\u00e9nom\u00e8nes inexpliqu\u00e9s li\u00e9s \u00e0 la mort et \u00e0 la possible survie de la conscience apr\u00e8s la mort physique. Auteur de nombreux livres \u00e0 succ\u00e8s tels que &#8220;Le test&#8221; et &#8220;Apr\u00e8s&#8221;, il a fond\u00e9 l&#8217;INREES (Institut de recherche sur les exp\u00e9riences extraordinaires) et le magazine Inexplor\u00e9.<\/span><\/div><div data-offset-key=\"1cr5n-0-0\">\u00a0<\/div><div data-offset-key=\"1cr5n-0-0\"><img loading=\"lazy\" class=\"wp-image-1725 aligncenter\" src=\"https:\/\/ainsivalavie.fr\/wp-content\/uploads\/2022\/11\/9782226444806-j-194x300.jpg\" alt=\"\" width=\"168\" height=\"260\" srcset=\"https:\/\/ainsivalavie.fr\/wp-content\/uploads\/2022\/11\/9782226444806-j-194x300.jpg 194w, https:\/\/ainsivalavie.fr\/wp-content\/uploads\/2022\/11\/9782226444806-j.jpg 516w\" sizes=\"(max-width: 168px) 100vw, 168px\" \/><\/div><\/div><div class=\"\" data-block=\"true\" data-editor=\"72nsr\" data-offset-key=\"auog8-0-0\"><div data-offset-key=\"auog8-0-0\">\u00a0<\/div><\/div><div class=\"\" data-block=\"true\" data-editor=\"72nsr\" data-offset-key=\"doh0c-0-0\"><div class=\"_1mf _1mj\" data-offset-key=\"doh0c-0-0\"><span data-offset-key=\"doh0c-0-0\">\ud83d\udcd3 Son dernier livre &#8220;Un fant\u00f4me sur le divan&#8221; qui vient de para\u00eetre aux Editions Albin Michel rassemble des entretiens avec 21 psy de renom : avid Servan-Schreiber, Boris Cyrulnik, Philippe Grimbert, Christophe Andr\u00e9, Bernadette Blin, Tobie Nathan, Stanislav Grof, Patrick Clervoy, Ghislaine Bourgogne, \u00c9velyne Josse, Bruce Greyson, Christophe Faur\u00e9, Jean Sandretto, Djohar Si Ahmed, Charles T. Tart, Isabelle C\u00e9lestin-Lhopiteau, John\u3000E. Mack, Martine Gercault, Patricia Serin, \u00c9douard Collot et Pierre Coret.<\/span><\/div><div data-offset-key=\"doh0c-0-0\">\u00a0<\/div><div data-offset-key=\"doh0c-0-0\"><div class=\"CNxNUMI4vuO8-fkO8bPPMQ== FdGBl7+r1sQJZTUFqRjvJw==\" data-block=\"true\" data-editor=\"2uaqv\" data-offset-key=\"fbhk9-0-0\"><div class=\"public-DraftStyleDefault-block public-DraftStyleDefault-ltr\" data-offset-key=\"fbhk9-0-0\"><span data-offset-key=\"fbhk9-0-0\">Ses pr\u00e9c\u00e9dents livres :<\/span><\/div><\/div><div class=\"CNxNUMI4vuO8-fkO8bPPMQ== FdGBl7+r1sQJZTUFqRjvJw==\" data-block=\"true\" data-editor=\"2uaqv\" data-offset-key=\"1mrm-0-0\"><div class=\"public-DraftStyleDefault-block public-DraftStyleDefault-ltr\" data-offset-key=\"1mrm-0-0\"><span data-offset-key=\"1mrm-0-0\">\ud83d\udcd3 Le Test\u00a0<\/span><\/div><\/div><div class=\"CNxNUMI4vuO8-fkO8bPPMQ== FdGBl7+r1sQJZTUFqRjvJw==\" data-block=\"true\" data-editor=\"2uaqv\" data-offset-key=\"ds240-0-0\"><div class=\"public-DraftStyleDefault-block public-DraftStyleDefault-ltr\" data-offset-key=\"ds240-0-0\"><span data-offset-key=\"ds240-0-0\">\ud83d\udcd3 Apr\u00e8s (Quand l&#8217;au-del\u00e0 nous fait signe)<\/span><\/div><\/div><div class=\"CNxNUMI4vuO8-fkO8bPPMQ== FdGBl7+r1sQJZTUFqRjvJw==\" data-block=\"true\" data-editor=\"2uaqv\" data-offset-key=\"8lmj2-0-0\"><div class=\"public-DraftStyleDefault-block public-DraftStyleDefault-ltr\" data-offset-key=\"8lmj2-0-0\"><span data-offset-key=\"8lmj2-0-0\">\ud83d\udcd3 Lorsque j&#8217;\u00e9tais quelqu&#8217;un d&#8217;autre<\/span><\/div><\/div><div class=\"CNxNUMI4vuO8-fkO8bPPMQ== FdGBl7+r1sQJZTUFqRjvJw==\" data-block=\"true\" data-editor=\"2uaqv\" data-offset-key=\"41thp-0-0\"><div class=\"public-DraftStyleDefault-block public-DraftStyleDefault-ltr\" data-offset-key=\"41thp-0-0\"><span data-offset-key=\"41thp-0-0\">\ud83d\udcd3 La mort n&#8217;est pas une terre \u00e9trang\u00e8re<\/span><\/div><\/div><div class=\"CNxNUMI4vuO8-fkO8bPPMQ== FdGBl7+r1sQJZTUFqRjvJw==\" data-block=\"true\" data-editor=\"2uaqv\" data-offset-key=\"4fg82-0-0\"><div class=\"public-DraftStyleDefault-block public-DraftStyleDefault-ltr\" data-offset-key=\"4fg82-0-0\"><span data-offset-key=\"4fg82-0-0\">\ud83d\udcd3 Entre ombres et lumi\u00e8res<\/span><\/div><\/div><div class=\"CNxNUMI4vuO8-fkO8bPPMQ== FdGBl7+r1sQJZTUFqRjvJw==\" data-block=\"true\" data-editor=\"2uaqv\" data-offset-key=\"98el5-0-0\"><div class=\"public-DraftStyleDefault-block public-DraftStyleDefault-ltr\" data-offset-key=\"98el5-0-0\"><span data-offset-key=\"98el5-0-0\">\ud83d\udcd3 Manuel Clinique des exp\u00e9riences extraordinaires<\/span><\/div><\/div><div class=\"CNxNUMI4vuO8-fkO8bPPMQ== FdGBl7+r1sQJZTUFqRjvJw==\" data-block=\"true\" data-editor=\"2uaqv\" data-offset-key=\"1n6tn-0-0\"><div class=\"public-DraftStyleDefault-block public-DraftStyleDefault-ltr\" data-offset-key=\"1n6tn-0-0\"><span data-offset-key=\"1n6tn-0-0\">\ud83d\udcd3 Nos \u00e2mes oubli\u00e9es<\/span><\/div><\/div><\/div><\/div><div class=\"\" data-block=\"true\" data-editor=\"72nsr\" data-offset-key=\"a71l1-0-0\"><div class=\"_1mf _1mj\" data-offset-key=\"a71l1-0-0\"><span data-offset-key=\"a71l1-0-0\">\u00a0<\/span><\/div><\/div><div class=\"\" data-block=\"true\" data-editor=\"72nsr\" data-offset-key=\"de9ut-0-0\"><div class=\"_1mf _1mj\" data-offset-key=\"de9ut-0-0\"><span data-offset-key=\"de9ut-0-0\">cr\u00e9dit photo : Olivier Seignette<\/span><\/div><\/div><div data-offset-key=\"de9ut-0-0\"><div dir=\"auto\">\u00a0<\/div><div dir=\"auto\"><p>\u25ba RESEAUX SOCIAUX<\/p><p>Vous pouvez suivre les publications de Ainsi va la vie sur:<\/p><p><img class=\"emoji\" role=\"img\" draggable=\"false\" src=\"https:\/\/s.w.org\/images\/core\/emoji\/13.1.0\/svg\/1f449.svg\" alt=\"\ud83d\udc49\" \/>\u00a0Instagram : @ainsivalavie.podcast<\/p><p><img class=\"emoji\" role=\"img\" draggable=\"false\" src=\"https:\/\/s.w.org\/images\/core\/emoji\/13.1.0\/svg\/1f449.svg\" alt=\"\ud83d\udc49\" \/>\u00a0Facebook : https:\/\/www.facebook.com\/ainsivalavie\u2026<\/p><p>\u25ba SITES INTERNET<\/p><p><img class=\"emoji\" role=\"img\" draggable=\"false\" src=\"https:\/\/s.w.org\/images\/core\/emoji\/13.1.0\/svg\/1f449.svg\" alt=\"\ud83d\udc49\" \/>https:\/\/www.ainsivalavie.fr<\/p><p><img class=\"emoji\" role=\"img\" draggable=\"false\" src=\"https:\/\/s.w.org\/images\/core\/emoji\/13.1.0\/svg\/1f449.svg\" alt=\"\ud83d\udc49\" \/>\u00a0https:\/\/www.gaelle-guiny.com<\/p><p>cr\u00e9dit musique (intro et outro): Flourish by Purrple Cat | https:\/\/purrplecat.com \u2013 Music promoted by https:\/\/www.free-stock-music.comCreative Commons Attribution-ShareAlike 3.0 Unported \u2013 https:\/\/creativecommons.org\/licenses\/\u2026<\/p><\/div><\/div>\t\t\t\t\t\t<\/div>\n\t\t\t\t<\/div>\n\t\t\t\t\t<\/div>\n\t\t<\/div>\n\t\t\t\t\t\t\t<\/div>\n\t\t<\/section>\n\t\t\t\t\t\t<\/div>\n\t\t\t\t\t<\/div>\n\t\t","protected":false},"excerpt":{"rendered":"<p># 18 &#8211; Quand l&#8217;extraordinaire s&#8217;invite chez les psy Dans cet \u00e9pisode avec St\u00e9phane Allix, nous abordons la rencontre des&#8230;<\/p>\n","protected":false},"author":1,"featured_media":1689,"parent":37,"menu_order":0,"comment_status":"closed","ping_status":"closed","template":"","meta":[],"_links":{"self":[{"href":"https:\/\/ainsivalavie.fr\/index.php\/wp-json\/wp\/v2\/pages\/1708"}],"collection":[{"href":"https:\/\/ainsivalavie.fr\/index.php\/wp-json\/wp\/v2\/pages"}],"about":[{"href":"https:\/\/ainsivalavie.fr\/index.php\/wp-json\/wp\/v2\/types\/page"}],"author":[{"embeddable":true,"href":"https:\/\/ainsivalavie.fr\/index.php\/wp-json\/wp\/v2\/users\/1"}],"replies":[{"embeddable":true,"href":"https:\/\/ainsivalavie.fr\/index.php\/wp-json\/wp\/v2\/comments?post=1708"}],"version-history":[{"count":24,"href":"https:\/\/ainsivalavie.fr\/index.php\/wp-json\/wp\/v2\/pages\/1708\/revisions"}],"predecessor-version":[{"id":3704,"href":"https:\/\/ainsivalavie.fr\/index.php\/wp-json\/wp\/v2\/pages\/1708\/revisions\/3704"}],"up":[{"embeddable":true,"href":"https:\/\/ainsivalavie.fr\/index.php\/wp-json\/wp\/v2\/pages\/37"}],"wp:featuredmedia":[{"embeddable":true,"href":"https:\/\/ainsivalavie.fr\/index.php\/wp-json\/wp\/v2\/media\/1689"}],"wp:attachment":[{"href":"https:\/\/ainsivalavie.fr\/index.php\/wp-json\/wp\/v2\/media?parent=1708"}],"curies":[{"name":"wp","href":"https:\/\/api.w.org\/{rel}","templated":true}]}}